{"id":4013,"date":"2024-03-29T13:29:26","date_gmt":"2024-03-29T05:29:26","guid":{"rendered":"https:\/\/www.sinoglass.com\/?post_type=product&#038;p=4013"},"modified":"2024-03-29T13:58:43","modified_gmt":"2024-03-29T05:58:43","slug":"glass-salt-shaker","status":"publish","type":"product","link":"https:\/\/www.sinoglass.com\/de\/product\/glass-salt-shaker\/","title":{"rendered":"Glas Salz Shaker Set #7902A00301"},"content":{"rendered":"<p>Dies ist ein Set speziell f\u00fcr feines Salz und Pfefferpulver entwickelt, mit Glasgl\u00e4sern gepaart mit Edelstahldeckeln. Das Set kommt auch mit einem tragbaren Schalen f\u00fcr den einfachen Trag, bereit, Ihre Kochbed\u00fcrfnisse jederzeit zu bedienen.<\/p>","protected":false},"excerpt":{"rendered":"<ul>\n<li>Einfaches Streuerdesign.<\/li>\n<li>Sch\u00fctteldeckel aus Edelstahl.<\/li>\n<li>Bequemes und stilvolles Tray.<\/li>\n<\/ul>","protected":false},"featured_media":4019,"comment_status":"open","ping_status":"closed","template":"","meta":{"_acf_changed":false},"product_brand":[],"product_cat":[108,70],"product_tag":[],"class_list":{"0":"post-4013","1":"product","2":"type-product","3":"status-publish","4":"has-post-thumbnail","6":"product_cat-spice-jars","7":"product_cat-spice-racks","9":"first","10":"instock","11":"shipping-taxable","12":"purchasable","13":"product-type-variable"},"acf":[],"_links":{"self":[{"href":"https:\/\/www.sinoglass.com\/de\/wp-json\/wp\/v2\/product\/4013","targetHints":{"allow":["GET"]}}],"collection":[{"href":"https:\/\/www.sinoglass.com\/de\/wp-json\/wp\/v2\/product"}],"about":[{"href":"https:\/\/www.sinoglass.com\/de\/wp-json\/wp\/v2\/types\/product"}],"replies":[{"embeddable":true,"href":"https:\/\/www.sinoglass.com\/de\/wp-json\/wp\/v2\/comments?post=4013"}],"wp:featuredmedia":[{"embeddable":true,"href":"https:\/\/www.sinoglass.com\/de\/wp-json\/wp\/v2\/media\/4019"}],"wp:attachment":[{"href":"https:\/\/www.sinoglass.com\/de\/wp-json\/wp\/v2\/media?parent=4013"}],"wp:term":[{"taxonomy":"product_brand","embeddable":true,"href":"https:\/\/www.sinoglass.com\/de\/wp-json\/wp\/v2\/product_brand?post=4013"},{"taxonomy":"product_cat","embeddable":true,"href":"https:\/\/www.sinoglass.com\/de\/wp-json\/wp\/v2\/product_cat?post=4013"},{"taxonomy":"product_tag","embeddable":true,"href":"https:\/\/www.sinoglass.com\/de\/wp-json\/wp\/v2\/product_tag?post=4013"}],"curies":[{"name":"WP","href":"https:\/\/api.w.org\/{rel}","templated":true}]}}