{"id":4010,"date":"2024-03-29T13:19:23","date_gmt":"2024-03-29T05:19:23","guid":{"rendered":"https:\/\/www.sinoglass.com\/?post_type=product&#038;p=4010"},"modified":"2024-03-29T13:23:53","modified_gmt":"2024-03-29T05:23:53","slug":"square-spice-jar","status":"publish","type":"product","link":"https:\/\/www.sinoglass.com\/de\/product\/square-spice-jar\/","title":{"rendered":"Quadratischer Gew\u00fcrzglas Shaker Deckel #7899200001"},"content":{"rendered":"<p>Der TUXEDO ist unser neues einfingerbetriebenes Gew\u00fcrzglar. Der einfache Eindruck-\u00d6ffnungs- und Schlie\u00dfmechanismus ist robust und stilvoll.<\/p>","protected":false},"excerpt":{"rendered":"<ul>\n<li>Einfache Bedienung mit einem Daumen.<\/li>\n<li>Der Deckel dichtet fest, wenn er geschlossen ist.<\/li>\n<li>Einzigartiger Gummi-Federbetrieb.<\/li>\n<li>Zwei Arten von Metallregal mit 6 Gl\u00e4sern oder rotierender Schale mit 8 Gl\u00e4sern.<\/li>\n<\/ul>","protected":false},"featured_media":3881,"comment_status":"open","ping_status":"closed","template":"","meta":{"_acf_changed":false},"product_brand":[],"product_cat":[108,70],"product_tag":[],"class_list":{"0":"post-4010","1":"product","2":"type-product","3":"status-publish","4":"has-post-thumbnail","6":"product_cat-spice-jars","7":"product_cat-spice-racks","9":"first","10":"instock","11":"shipping-taxable","12":"purchasable","13":"product-type-variable"},"acf":[],"_links":{"self":[{"href":"https:\/\/www.sinoglass.com\/de\/wp-json\/wp\/v2\/product\/4010","targetHints":{"allow":["GET"]}}],"collection":[{"href":"https:\/\/www.sinoglass.com\/de\/wp-json\/wp\/v2\/product"}],"about":[{"href":"https:\/\/www.sinoglass.com\/de\/wp-json\/wp\/v2\/types\/product"}],"replies":[{"embeddable":true,"href":"https:\/\/www.sinoglass.com\/de\/wp-json\/wp\/v2\/comments?post=4010"}],"wp:featuredmedia":[{"embeddable":true,"href":"https:\/\/www.sinoglass.com\/de\/wp-json\/wp\/v2\/media\/3881"}],"wp:attachment":[{"href":"https:\/\/www.sinoglass.com\/de\/wp-json\/wp\/v2\/media?parent=4010"}],"wp:term":[{"taxonomy":"product_brand","embeddable":true,"href":"https:\/\/www.sinoglass.com\/de\/wp-json\/wp\/v2\/product_brand?post=4010"},{"taxonomy":"product_cat","embeddable":true,"href":"https:\/\/www.sinoglass.com\/de\/wp-json\/wp\/v2\/product_cat?post=4010"},{"taxonomy":"product_tag","embeddable":true,"href":"https:\/\/www.sinoglass.com\/de\/wp-json\/wp\/v2\/product_tag?post=4010"}],"curies":[{"name":"WP","href":"https:\/\/api.w.org\/{rel}","templated":true}]}}