{"id":4008,"date":"2024-03-29T13:14:36","date_gmt":"2024-03-29T05:14:36","guid":{"rendered":"https:\/\/www.sinoglass.com\/?post_type=product&#038;p=4008"},"modified":"2024-03-29T13:19:15","modified_gmt":"2024-03-29T05:19:15","slug":"empty-spice-jars","status":"publish","type":"product","link":"https:\/\/www.sinoglass.com\/de\/product\/empty-spice-jars\/","title":{"rendered":"Leere Gew\u00fcrzgl\u00e4ser-Flip Top #7861100201"},"content":{"rendered":"<p>Holen Sie sich die Thumbs hoch! Drehen Sie den Deckel, und die einzigartigen Gummi-Federn machen den Rest. Der Deckel dreht sich den ganzen Weg um eine ungehinderte Bestreuung des gew\u00fcnschten Gew\u00fcrzes. Perfekt f\u00fcr Salz, Pfeffer, Zimt und andere Gew\u00fcrze.<\/p>","protected":false},"excerpt":{"rendered":"<ul>\n<li>Einfache Bedienung mit einem Daumen.<\/li>\n<li>Der Deckel dichtet fest, wenn er geschlossen ist.<\/li>\n<li>Einzigartiger Gummi-Federbetrieb.<\/li>\n<li>Zwei Arten von Metallregal mit 6 Gl\u00e4sern oder rotierender Schale mit 8 Gl\u00e4sern.<\/li>\n<\/ul>","protected":false},"featured_media":3877,"comment_status":"open","ping_status":"closed","template":"","meta":{"_acf_changed":false},"product_brand":[],"product_cat":[108,70],"product_tag":[],"class_list":{"0":"post-4008","1":"product","2":"type-product","3":"status-publish","4":"has-post-thumbnail","6":"product_cat-spice-jars","7":"product_cat-spice-racks","9":"first","10":"instock","11":"shipping-taxable","12":"purchasable","13":"product-type-variable"},"acf":[],"_links":{"self":[{"href":"https:\/\/www.sinoglass.com\/de\/wp-json\/wp\/v2\/product\/4008","targetHints":{"allow":["GET"]}}],"collection":[{"href":"https:\/\/www.sinoglass.com\/de\/wp-json\/wp\/v2\/product"}],"about":[{"href":"https:\/\/www.sinoglass.com\/de\/wp-json\/wp\/v2\/types\/product"}],"replies":[{"embeddable":true,"href":"https:\/\/www.sinoglass.com\/de\/wp-json\/wp\/v2\/comments?post=4008"}],"wp:featuredmedia":[{"embeddable":true,"href":"https:\/\/www.sinoglass.com\/de\/wp-json\/wp\/v2\/media\/3877"}],"wp:attachment":[{"href":"https:\/\/www.sinoglass.com\/de\/wp-json\/wp\/v2\/media?parent=4008"}],"wp:term":[{"taxonomy":"product_brand","embeddable":true,"href":"https:\/\/www.sinoglass.com\/de\/wp-json\/wp\/v2\/product_brand?post=4008"},{"taxonomy":"product_cat","embeddable":true,"href":"https:\/\/www.sinoglass.com\/de\/wp-json\/wp\/v2\/product_cat?post=4008"},{"taxonomy":"product_tag","embeddable":true,"href":"https:\/\/www.sinoglass.com\/de\/wp-json\/wp\/v2\/product_tag?post=4008"}],"curies":[{"name":"WP","href":"https:\/\/api.w.org\/{rel}","templated":true}]}}