{"id":3932,"date":"2024-03-26T15:02:38","date_gmt":"2024-03-26T07:02:38","guid":{"rendered":"https:\/\/www.sinoglass.com\/?post_type=product&#038;p=3932"},"modified":"2024-03-29T09:55:51","modified_gmt":"2024-03-29T01:55:51","slug":"spice-rack-organizer-rotating","status":"publish","type":"product","link":"https:\/\/www.sinoglass.com\/de\/product\/spice-rack-organizer-rotating\/","title":{"rendered":"Spice Rack Organizer rotierend #8631002"},"content":{"rendered":"<p>Glas und Edelstahl sind zwei Materialien, die als Vertreter der High-End-Eleganz in der K\u00fcche angesehen werden k\u00f6nnen. Wir haben Glasgl\u00e4ser mit Edelstahldeckeln kombiniert, um das ultimative Werkzeug f\u00fcr die Lagerung und Verwendung von Gew\u00fcrzen zu schaffen. Dar\u00fcber hinaus bieten wir zwei rotierende Regale, die jeweils 6 oder 12 Gew\u00fcrzgl\u00e4ser f\u00fcr Sie zur Auswahl halten k\u00f6nnen.<\/p>","protected":false},"excerpt":{"rendered":"<ul>\n<li>W\u00e4hlen Sie aus drei \u00d6ffnungen, indem Sie die Oberseite drehen.<\/li>\n<li>Der Edelstahldeckel auf einem transparenten Glasglas kann die Gew\u00fcrze frisch halten.<\/li>\n<li>Wahl zwischen 6-Kr\u00fcgel oder 12-Kr\u00fcgel drehbarem Rack f\u00fcr bequemen Zugang.<\/li>\n<\/ul>","protected":false},"featured_media":3934,"comment_status":"open","ping_status":"closed","template":"","meta":{"_acf_changed":false},"product_brand":[],"product_cat":[110,70,213],"product_tag":[],"class_list":{"0":"post-3932","1":"product","2":"type-product","3":"status-publish","4":"has-post-thumbnail","6":"product_cat-rotating-spice-rack","7":"product_cat-spice-racks","8":"product_cat-spice-rack-jars","10":"first","11":"instock","12":"shipping-taxable","13":"purchasable","14":"product-type-variable"},"acf":[],"_links":{"self":[{"href":"https:\/\/www.sinoglass.com\/de\/wp-json\/wp\/v2\/product\/3932","targetHints":{"allow":["GET"]}}],"collection":[{"href":"https:\/\/www.sinoglass.com\/de\/wp-json\/wp\/v2\/product"}],"about":[{"href":"https:\/\/www.sinoglass.com\/de\/wp-json\/wp\/v2\/types\/product"}],"replies":[{"embeddable":true,"href":"https:\/\/www.sinoglass.com\/de\/wp-json\/wp\/v2\/comments?post=3932"}],"wp:featuredmedia":[{"embeddable":true,"href":"https:\/\/www.sinoglass.com\/de\/wp-json\/wp\/v2\/media\/3934"}],"wp:attachment":[{"href":"https:\/\/www.sinoglass.com\/de\/wp-json\/wp\/v2\/media?parent=3932"}],"wp:term":[{"taxonomy":"product_brand","embeddable":true,"href":"https:\/\/www.sinoglass.com\/de\/wp-json\/wp\/v2\/product_brand?post=3932"},{"taxonomy":"product_cat","embeddable":true,"href":"https:\/\/www.sinoglass.com\/de\/wp-json\/wp\/v2\/product_cat?post=3932"},{"taxonomy":"product_tag","embeddable":true,"href":"https:\/\/www.sinoglass.com\/de\/wp-json\/wp\/v2\/product_tag?post=3932"}],"curies":[{"name":"WP","href":"https:\/\/api.w.org\/{rel}","templated":true}]}}