{"id":3930,"date":"2024-03-26T14:52:12","date_gmt":"2024-03-26T06:52:12","guid":{"rendered":"https:\/\/www.sinoglass.com\/?post_type=product&#038;p=3930"},"modified":"2024-03-29T10:16:45","modified_gmt":"2024-03-29T02:16:45","slug":"spice-carousel-12-jars-rotating","status":"publish","type":"product","link":"https:\/\/www.sinoglass.com\/de\/product\/spice-carousel-12-jars-rotating\/","title":{"rendered":"Spice Carousel 12 Gl\u00e4ser drehen #8712001"},"content":{"rendered":"<p>Wir widmen uns der Bereicherung und Verbesserung Ihrer K\u00fcche und Kocherfahrung. Diesmal haben wir einen einzigartigen Deckel f\u00fcr Gew\u00fcrzgl\u00e4ser mit drei verschiedenen \u00d6ffnungen entwickelt. Drehen Sie einfach die Oberseite, um Ihre gew\u00fcnschte \u00d6ffnung auszuw\u00e4hlen. Dar\u00fcber hinaus verf\u00fcgt der Deckel \u00fcber eine schr\u00e4ge Konstruktion, um die notwendige Menge an Gew\u00fcrzen leicht zu gie\u00dfen und ein \u00dcbergie\u00dfen zu verhindern. Wir bieten auch zwei Arten von Flaschenformen und drehbare St\u00e4nder, die jeweils 6 oder 12 Gew\u00fcrzgl\u00e4ser aufnehmen k\u00f6nnen.<\/p>","protected":false},"excerpt":{"rendered":"<ul>\n<li>W\u00e4hlen Sie aus drei \u00d6ffnungen, indem Sie die Oberseite drehen.<\/li>\n<li>Der Plastikdeckel f\u00fcr Lebensmittelgrade hat eine einzigartige Form, um die gew\u00fcnschte Menge an Gew\u00fcrzen zu erhalten.<\/li>\n<li>Wahl zwischen 6-Kr\u00fcgel oder 12-Kr\u00fcgel drehbarem Rack f\u00fcr bequemen Zugang.<\/li>\n<\/ul>","protected":false},"featured_media":3925,"comment_status":"open","ping_status":"closed","template":"","meta":{"_acf_changed":false},"product_brand":[],"product_cat":[110,70,213],"product_tag":[],"class_list":{"0":"post-3930","1":"product","2":"type-product","3":"status-publish","4":"has-post-thumbnail","6":"product_cat-rotating-spice-rack","7":"product_cat-spice-racks","8":"product_cat-spice-rack-jars","10":"first","11":"instock","12":"shipping-taxable","13":"purchasable","14":"product-type-variable"},"acf":[],"_links":{"self":[{"href":"https:\/\/www.sinoglass.com\/de\/wp-json\/wp\/v2\/product\/3930","targetHints":{"allow":["GET"]}}],"collection":[{"href":"https:\/\/www.sinoglass.com\/de\/wp-json\/wp\/v2\/product"}],"about":[{"href":"https:\/\/www.sinoglass.com\/de\/wp-json\/wp\/v2\/types\/product"}],"replies":[{"embeddable":true,"href":"https:\/\/www.sinoglass.com\/de\/wp-json\/wp\/v2\/comments?post=3930"}],"wp:featuredmedia":[{"embeddable":true,"href":"https:\/\/www.sinoglass.com\/de\/wp-json\/wp\/v2\/media\/3925"}],"wp:attachment":[{"href":"https:\/\/www.sinoglass.com\/de\/wp-json\/wp\/v2\/media?parent=3930"}],"wp:term":[{"taxonomy":"product_brand","embeddable":true,"href":"https:\/\/www.sinoglass.com\/de\/wp-json\/wp\/v2\/product_brand?post=3930"},{"taxonomy":"product_cat","embeddable":true,"href":"https:\/\/www.sinoglass.com\/de\/wp-json\/wp\/v2\/product_cat?post=3930"},{"taxonomy":"product_tag","embeddable":true,"href":"https:\/\/www.sinoglass.com\/de\/wp-json\/wp\/v2\/product_tag?post=3930"}],"curies":[{"name":"WP","href":"https:\/\/api.w.org\/{rel}","templated":true}]}}