{"id":3891,"date":"2024-03-26T10:47:14","date_gmt":"2024-03-26T02:47:14","guid":{"rendered":"https:\/\/www.sinoglass.com\/?post_type=product&#038;p=3891"},"modified":"2024-03-26T15:46:03","modified_gmt":"2024-03-26T07:46:03","slug":"rotating-spice-organiser","status":"publish","type":"product","link":"https:\/\/www.sinoglass.com\/de\/product\/rotating-spice-organiser\/","title":{"rendered":"Rotierender Gew\u00fcrzorganisator #78752003"},"content":{"rendered":"<p>Eine einfache Wendung, drei M\u00f6glichkeiten. Basisch und klassisch, unsere EASY SPRINKLE Gew\u00fcrzflasche hat eine effiziente Form und einen frills-freien Betrieb. Das optionale 12-Flaschen-Gew\u00fcrzgestall h\u00e4lt alle Ihre Favoriten an einem bequemen Ort.<\/p>","protected":false},"excerpt":{"rendered":"<ul>\n<li>Drehen Sie die transparente kaltgraue Oberfl\u00e4che, um aus drei \u00d6ffnungen zu w\u00e4hlen.<\/li>\n<li>Quadratische Form f\u00fcr einen kompakten Raum.<\/li>\n<li>Optionales Gew\u00fcrzgestell f\u00fcr bequemen Zugang.<\/li>\n<\/ul>","protected":false},"featured_media":3901,"comment_status":"open","ping_status":"closed","template":"","meta":{"_acf_changed":false},"product_brand":[],"product_cat":[110,70,213],"product_tag":[],"class_list":{"0":"post-3891","1":"product","2":"type-product","3":"status-publish","4":"has-post-thumbnail","6":"product_cat-rotating-spice-rack","7":"product_cat-spice-racks","8":"product_cat-spice-rack-jars","10":"first","11":"instock","12":"shipping-taxable","13":"purchasable","14":"product-type-variable"},"acf":[],"_links":{"self":[{"href":"https:\/\/www.sinoglass.com\/de\/wp-json\/wp\/v2\/product\/3891","targetHints":{"allow":["GET"]}}],"collection":[{"href":"https:\/\/www.sinoglass.com\/de\/wp-json\/wp\/v2\/product"}],"about":[{"href":"https:\/\/www.sinoglass.com\/de\/wp-json\/wp\/v2\/types\/product"}],"replies":[{"embeddable":true,"href":"https:\/\/www.sinoglass.com\/de\/wp-json\/wp\/v2\/comments?post=3891"}],"wp:featuredmedia":[{"embeddable":true,"href":"https:\/\/www.sinoglass.com\/de\/wp-json\/wp\/v2\/media\/3901"}],"wp:attachment":[{"href":"https:\/\/www.sinoglass.com\/de\/wp-json\/wp\/v2\/media?parent=3891"}],"wp:term":[{"taxonomy":"product_brand","embeddable":true,"href":"https:\/\/www.sinoglass.com\/de\/wp-json\/wp\/v2\/product_brand?post=3891"},{"taxonomy":"product_cat","embeddable":true,"href":"https:\/\/www.sinoglass.com\/de\/wp-json\/wp\/v2\/product_cat?post=3891"},{"taxonomy":"product_tag","embeddable":true,"href":"https:\/\/www.sinoglass.com\/de\/wp-json\/wp\/v2\/product_tag?post=3891"}],"curies":[{"name":"WP","href":"https:\/\/api.w.org\/{rel}","templated":true}]}}