{"id":3878,"date":"2024-03-26T09:36:32","date_gmt":"2024-03-26T01:36:32","guid":{"rendered":"https:\/\/www.sinoglass.com\/?post_type=product&#038;p=3878"},"modified":"2024-03-26T15:46:57","modified_gmt":"2024-03-26T07:46:57","slug":"revolving-spice-organizer","status":"publish","type":"product","link":"https:\/\/www.sinoglass.com\/de\/product\/revolving-spice-organizer\/","title":{"rendered":"Rotierender Gew\u00fcrz-Organizer #79002003"},"content":{"rendered":"<p>Der TUXEDO ist unser neues einfingerbetriebenes Gew\u00fcrzglar. Der einfache Eindruck-\u00d6ffnungs- und Schlie\u00dfmechanismus ist robust und stilvoll.<\/p>","protected":false},"excerpt":{"rendered":"<ul>\n<li>Einfache Bedienung mit einem Daumen.<\/li>\n<li>Der Deckel dichtet fest, wenn er geschlossen ist.<\/li>\n<li>Einzigartiger Gummi-Federbetrieb.<\/li>\n<li>Zwei Arten von Metallregal mit 6 Gl\u00e4sern oder rotierender Schale mit 8 Gl\u00e4sern.<\/li>\n<\/ul>","protected":false},"featured_media":3880,"comment_status":"open","ping_status":"closed","template":"","meta":{"_acf_changed":false},"product_brand":[],"product_cat":[110,70,213],"product_tag":[],"class_list":{"0":"post-3878","1":"product","2":"type-product","3":"status-publish","4":"has-post-thumbnail","6":"product_cat-rotating-spice-rack","7":"product_cat-spice-racks","8":"product_cat-spice-rack-jars","10":"first","11":"instock","12":"shipping-taxable","13":"purchasable","14":"product-type-variable"},"acf":[],"_links":{"self":[{"href":"https:\/\/www.sinoglass.com\/de\/wp-json\/wp\/v2\/product\/3878","targetHints":{"allow":["GET"]}}],"collection":[{"href":"https:\/\/www.sinoglass.com\/de\/wp-json\/wp\/v2\/product"}],"about":[{"href":"https:\/\/www.sinoglass.com\/de\/wp-json\/wp\/v2\/types\/product"}],"replies":[{"embeddable":true,"href":"https:\/\/www.sinoglass.com\/de\/wp-json\/wp\/v2\/comments?post=3878"}],"wp:featuredmedia":[{"embeddable":true,"href":"https:\/\/www.sinoglass.com\/de\/wp-json\/wp\/v2\/media\/3880"}],"wp:attachment":[{"href":"https:\/\/www.sinoglass.com\/de\/wp-json\/wp\/v2\/media?parent=3878"}],"wp:term":[{"taxonomy":"product_brand","embeddable":true,"href":"https:\/\/www.sinoglass.com\/de\/wp-json\/wp\/v2\/product_brand?post=3878"},{"taxonomy":"product_cat","embeddable":true,"href":"https:\/\/www.sinoglass.com\/de\/wp-json\/wp\/v2\/product_cat?post=3878"},{"taxonomy":"product_tag","embeddable":true,"href":"https:\/\/www.sinoglass.com\/de\/wp-json\/wp\/v2\/product_tag?post=3878"}],"curies":[{"name":"WP","href":"https:\/\/api.w.org\/{rel}","templated":true}]}}