{"id":3859,"date":"2024-03-25T16:51:09","date_gmt":"2024-03-25T08:51:09","guid":{"rendered":"https:\/\/www.sinoglass.com\/?post_type=product&#038;p=3859"},"modified":"2024-03-26T15:59:03","modified_gmt":"2024-03-26T07:59:03","slug":"lazy-susan-spice-rack-organizer","status":"publish","type":"product","link":"https:\/\/www.sinoglass.com\/de\/product\/lazy-susan-spice-rack-organizer\/","title":{"rendered":"Lazy Susan Gew\u00fcrz Rack Organizer #7880200301"},"content":{"rendered":"<p>Legen Sie Ihre 12 am h\u00e4ufigsten verwendeten Gew\u00fcrze und Gew\u00fcrze in THE RIGHT CHOICE Gew\u00fcrzgl\u00e4ser und halten Sie sie zusammen in The Big Carry Rack. Die Deckel von THE RIGHT CHOICE Gl\u00e4sern sind auf zwei Weise einzigartig: Sie springen offen und bleiben offen, und Sie k\u00f6nnen den mittleren Teil entfernen, um gr\u00f6\u00dfere Gew\u00fcrze zu gie\u00dfen. Das Big Carry Rack hat ein Riser-Design, mit dem Sie alle Gew\u00fcrze auf einen Blick sehen k\u00f6nnen.<\/p>","protected":false},"excerpt":{"rendered":"<ul>\n<li>Halten Sie 12 Gew\u00fcrze in einem Rack.<\/li>\n<li>Einfach tragbare Griffe f\u00fcr Tragbarkeit.<\/li>\n<li>Riser-Design f\u00fcr bequeme Sichtbarkeit.<\/li>\n<li>Einzigartiges Deckeldesign f\u00fcr gro\u00dfe oder kleine Gew\u00fcrze.<\/li>\n<\/ul>","protected":false},"featured_media":3602,"comment_status":"open","ping_status":"closed","template":"","meta":{"_acf_changed":false},"product_brand":[],"product_cat":[110,70,213],"product_tag":[],"class_list":{"0":"post-3859","1":"product","2":"type-product","3":"status-publish","4":"has-post-thumbnail","6":"product_cat-rotating-spice-rack","7":"product_cat-spice-racks","8":"product_cat-spice-rack-jars","10":"first","11":"instock","12":"shipping-taxable","13":"purchasable","14":"product-type-variable"},"acf":[],"_links":{"self":[{"href":"https:\/\/www.sinoglass.com\/de\/wp-json\/wp\/v2\/product\/3859","targetHints":{"allow":["GET"]}}],"collection":[{"href":"https:\/\/www.sinoglass.com\/de\/wp-json\/wp\/v2\/product"}],"about":[{"href":"https:\/\/www.sinoglass.com\/de\/wp-json\/wp\/v2\/types\/product"}],"replies":[{"embeddable":true,"href":"https:\/\/www.sinoglass.com\/de\/wp-json\/wp\/v2\/comments?post=3859"}],"wp:featuredmedia":[{"embeddable":true,"href":"https:\/\/www.sinoglass.com\/de\/wp-json\/wp\/v2\/media\/3602"}],"wp:attachment":[{"href":"https:\/\/www.sinoglass.com\/de\/wp-json\/wp\/v2\/media?parent=3859"}],"wp:term":[{"taxonomy":"product_brand","embeddable":true,"href":"https:\/\/www.sinoglass.com\/de\/wp-json\/wp\/v2\/product_brand?post=3859"},{"taxonomy":"product_cat","embeddable":true,"href":"https:\/\/www.sinoglass.com\/de\/wp-json\/wp\/v2\/product_cat?post=3859"},{"taxonomy":"product_tag","embeddable":true,"href":"https:\/\/www.sinoglass.com\/de\/wp-json\/wp\/v2\/product_tag?post=3859"}],"curies":[{"name":"WP","href":"https:\/\/api.w.org\/{rel}","templated":true}]}}