{"id":3849,"date":"2024-03-22T17:06:52","date_gmt":"2024-03-22T09:06:52","guid":{"rendered":"https:\/\/www.sinoglass.com\/?post_type=product&#038;p=3849"},"modified":"2024-03-26T16:02:50","modified_gmt":"2024-03-26T08:02:50","slug":"revolving-countertop-spice-rack","status":"publish","type":"product","link":"https:\/\/www.sinoglass.com\/de\/product\/revolving-countertop-spice-rack\/","title":{"rendered":"Drehbare Tischplatte Gew\u00fcrzgestall #89351002"},"content":{"rendered":"<p>Unsere Gew\u00fcrzgl\u00e4ser kombinieren \u00c4sthetik und Praktik und verf\u00fcgen \u00fcber einen rosenbl\u00e4tterf\u00f6rmigen Deckel mit drei \u00d6ffnungen f\u00fcr verschiedene Gew\u00fcrze und Anwendungsszenarien. In Kombination mit einem Edelstahlring strahlt er einen premium und eleganten Look aus.<\/p>","protected":false},"excerpt":{"rendered":"<ul>\n<li>Edelstahl und Glas f\u00fcgen Stil zu Ihrem Tisch.<\/li>\n<li>Einfacher Drehbetrieb zur Auswahl von 3 \u00d6ffnungsgr\u00f6\u00dfen.<\/li>\n<li>Rosenbl\u00e4tter inspirierte Deckel erm\u00f6glicht es Ihnen, die gew\u00fcnschte Menge an Gew\u00fcrzen zu bekommen.<\/li>\n<li>Ein einzigartiges Design Rack h\u00e4lt 6 Gl\u00e4ser f\u00fcr bequemes Tragen.<\/li>\n<\/ul>","protected":false},"featured_media":3591,"comment_status":"open","ping_status":"closed","template":"","meta":{"_acf_changed":false},"product_brand":[],"product_cat":[110,70,213],"product_tag":[],"class_list":{"0":"post-3849","1":"product","2":"type-product","3":"status-publish","4":"has-post-thumbnail","6":"product_cat-rotating-spice-rack","7":"product_cat-spice-racks","8":"product_cat-spice-rack-jars","10":"first","11":"instock","12":"shipping-taxable","13":"purchasable","14":"product-type-variable"},"acf":[],"_links":{"self":[{"href":"https:\/\/www.sinoglass.com\/de\/wp-json\/wp\/v2\/product\/3849","targetHints":{"allow":["GET"]}}],"collection":[{"href":"https:\/\/www.sinoglass.com\/de\/wp-json\/wp\/v2\/product"}],"about":[{"href":"https:\/\/www.sinoglass.com\/de\/wp-json\/wp\/v2\/types\/product"}],"replies":[{"embeddable":true,"href":"https:\/\/www.sinoglass.com\/de\/wp-json\/wp\/v2\/comments?post=3849"}],"wp:featuredmedia":[{"embeddable":true,"href":"https:\/\/www.sinoglass.com\/de\/wp-json\/wp\/v2\/media\/3591"}],"wp:attachment":[{"href":"https:\/\/www.sinoglass.com\/de\/wp-json\/wp\/v2\/media?parent=3849"}],"wp:term":[{"taxonomy":"product_brand","embeddable":true,"href":"https:\/\/www.sinoglass.com\/de\/wp-json\/wp\/v2\/product_brand?post=3849"},{"taxonomy":"product_cat","embeddable":true,"href":"https:\/\/www.sinoglass.com\/de\/wp-json\/wp\/v2\/product_cat?post=3849"},{"taxonomy":"product_tag","embeddable":true,"href":"https:\/\/www.sinoglass.com\/de\/wp-json\/wp\/v2\/product_tag?post=3849"}],"curies":[{"name":"WP","href":"https:\/\/api.w.org\/{rel}","templated":true}]}}