{"id":3834,"date":"2024-03-22T16:45:30","date_gmt":"2024-03-22T08:45:30","guid":{"rendered":"https:\/\/www.sinoglass.com\/?post_type=product&#038;p=3834"},"modified":"2024-03-22T16:59:23","modified_gmt":"2024-03-22T08:59:23","slug":"revolving-spice-rack-organizer","status":"publish","type":"product","link":"https:\/\/www.sinoglass.com\/de\/product\/revolving-spice-rack-organizer\/","title":{"rendered":"Rotierender Gew\u00fcrzerhalter #78782002"},"content":{"rendered":"<p>Unsere neuen Gew\u00fcrzgl\u00e4ser verf\u00fcgen \u00fcber eine einfache Wahl zwischen einem Streuen oder einem Gie\u00dfen. Das FLICK 6 kommt mit einem eigenen rotierenden 6-Glas-Gew\u00fcrzregel, stilvoll genug f\u00fcr Ihre K\u00fcche oder Ihren Tisch. Auch der FLICK 12 dreht sich, h\u00e4lt aber 12 Gl\u00e4ser.<\/p>","protected":false},"excerpt":{"rendered":"<ul>\n<li>Eine-Flick-Wahl f\u00fcr ein Streuen oder ein Gie\u00dfen.<\/li>\n<li>Stilvolles konisches Design f\u00fcr einfachen Griff.<\/li>\n<li>Wahl zwischen 6-Glas- oder 12-Glas-Drehstand.<\/li>\n<\/ul>","protected":false},"featured_media":3564,"comment_status":"open","ping_status":"closed","template":"","meta":{"_acf_changed":false},"product_brand":[],"product_cat":[110,70,213],"product_tag":[],"class_list":{"0":"post-3834","1":"product","2":"type-product","3":"status-publish","4":"has-post-thumbnail","6":"product_cat-rotating-spice-rack","7":"product_cat-spice-racks","8":"product_cat-spice-rack-jars","10":"first","11":"instock","12":"shipping-taxable","13":"purchasable","14":"product-type-variable"},"acf":[],"_links":{"self":[{"href":"https:\/\/www.sinoglass.com\/de\/wp-json\/wp\/v2\/product\/3834","targetHints":{"allow":["GET"]}}],"collection":[{"href":"https:\/\/www.sinoglass.com\/de\/wp-json\/wp\/v2\/product"}],"about":[{"href":"https:\/\/www.sinoglass.com\/de\/wp-json\/wp\/v2\/types\/product"}],"replies":[{"embeddable":true,"href":"https:\/\/www.sinoglass.com\/de\/wp-json\/wp\/v2\/comments?post=3834"}],"wp:featuredmedia":[{"embeddable":true,"href":"https:\/\/www.sinoglass.com\/de\/wp-json\/wp\/v2\/media\/3564"}],"wp:attachment":[{"href":"https:\/\/www.sinoglass.com\/de\/wp-json\/wp\/v2\/media?parent=3834"}],"wp:term":[{"taxonomy":"product_brand","embeddable":true,"href":"https:\/\/www.sinoglass.com\/de\/wp-json\/wp\/v2\/product_brand?post=3834"},{"taxonomy":"product_cat","embeddable":true,"href":"https:\/\/www.sinoglass.com\/de\/wp-json\/wp\/v2\/product_cat?post=3834"},{"taxonomy":"product_tag","embeddable":true,"href":"https:\/\/www.sinoglass.com\/de\/wp-json\/wp\/v2\/product_tag?post=3834"}],"curies":[{"name":"WP","href":"https:\/\/api.w.org\/{rel}","templated":true}]}}