{"id":3797,"date":"2024-03-22T14:27:34","date_gmt":"2024-03-22T06:27:34","guid":{"rendered":"https:\/\/www.sinoglass.com\/?post_type=product&#038;p=3797"},"modified":"2024-03-22T15:23:05","modified_gmt":"2024-03-22T07:23:05","slug":"spinning-spice-rack-for-cabinet","status":"publish","type":"product","link":"https:\/\/www.sinoglass.com\/de\/product\/spinning-spice-rack-for-cabinet\/","title":{"rendered":"Spinning Spice Rack f\u00fcr Schrank #79180003"},"content":{"rendered":"<p>Mit einem stilvollen schwarzen und Edelstahldeckel, der auf zwei unserer beliebten Gew\u00fcrzglassformen erh\u00e4ltlich ist, ist das LITTLE EYE gro\u00dfartig zu betrachten, aber es ist auch gro\u00dfartig, durch zu schauen. In der Oberseite ist eine kleine Lupe eingebettet, mit der Sie den Inhalt im Glas deutlich sehen k\u00f6nnen. Eine Drehung der Spitze gibt Ihnen drei M\u00f6glichkeiten der \u00d6ffnungen f\u00fcr Ihre Lieblingsgeschmacksrichtungen.<\/p>","protected":false},"excerpt":{"rendered":"<ul>\n<li>Eingebettete Lupe auf der Oberseite bietet eine transparente Ansicht der Inhalte.<\/li>\n<li>Eine Drehung der Spitze gibt Ihnen drei M\u00f6glichkeiten der \u00d6ffnungen f\u00fcr Ihre Favoriten Geschmack.<\/li>\n<li>Das robuste Rack kann bis zu 16 Gl\u00e4ser aufnehmen.<\/li>\n<\/ul>","protected":false},"featured_media":3555,"comment_status":"open","ping_status":"closed","template":"","meta":{"_acf_changed":false},"product_brand":[],"product_cat":[110,70,213],"product_tag":[],"class_list":{"0":"post-3797","1":"product","2":"type-product","3":"status-publish","4":"has-post-thumbnail","6":"product_cat-rotating-spice-rack","7":"product_cat-spice-racks","8":"product_cat-spice-rack-jars","10":"first","11":"instock","12":"shipping-taxable","13":"purchasable","14":"product-type-variable"},"acf":[],"_links":{"self":[{"href":"https:\/\/www.sinoglass.com\/de\/wp-json\/wp\/v2\/product\/3797","targetHints":{"allow":["GET"]}}],"collection":[{"href":"https:\/\/www.sinoglass.com\/de\/wp-json\/wp\/v2\/product"}],"about":[{"href":"https:\/\/www.sinoglass.com\/de\/wp-json\/wp\/v2\/types\/product"}],"replies":[{"embeddable":true,"href":"https:\/\/www.sinoglass.com\/de\/wp-json\/wp\/v2\/comments?post=3797"}],"wp:featuredmedia":[{"embeddable":true,"href":"https:\/\/www.sinoglass.com\/de\/wp-json\/wp\/v2\/media\/3555"}],"wp:attachment":[{"href":"https:\/\/www.sinoglass.com\/de\/wp-json\/wp\/v2\/media?parent=3797"}],"wp:term":[{"taxonomy":"product_brand","embeddable":true,"href":"https:\/\/www.sinoglass.com\/de\/wp-json\/wp\/v2\/product_brand?post=3797"},{"taxonomy":"product_cat","embeddable":true,"href":"https:\/\/www.sinoglass.com\/de\/wp-json\/wp\/v2\/product_cat?post=3797"},{"taxonomy":"product_tag","embeddable":true,"href":"https:\/\/www.sinoglass.com\/de\/wp-json\/wp\/v2\/product_tag?post=3797"}],"curies":[{"name":"WP","href":"https:\/\/api.w.org\/{rel}","templated":true}]}}