{"id":3501,"date":"2024-03-07T13:31:37","date_gmt":"2024-03-07T05:31:37","guid":{"rendered":"http:\/\/www.sinoglass.com\/?post_type=product&#038;p=3501"},"modified":"2024-11-22T16:40:12","modified_gmt":"2024-11-22T08:40:12","slug":"stainless-steel-pepper-mill","status":"publish","type":"product","link":"https:\/\/www.sinoglass.com\/de\/product\/stainless-steel-pepper-mill\/","title":{"rendered":"Edelstahl Pfefferm\u00fchle #8971A01201"},"content":{"rendered":"<p>Das komfortable STARBURST Schleifrad macht es einfach, Ihre Lieblingsgew\u00fcrze hinzuzuf\u00fcgen. Mit einem hochwertigen Keramikmechanismus in einem robusten Geh\u00e4use k\u00f6nnen Sie den Schleif von fein auf grob einstellen. Der Verstellknopf ist aufgrund eines Gummi-Griffrings einzigartig einfach zu bedienen, wei\u00df f\u00fcr Salz, schwarz f\u00fcr Pfeffer.<\/p>","protected":false},"excerpt":{"rendered":"<ul>\n<li>Dichtbares und omnidirectionelles Top.<\/li>\n<li>Eisperlen oder Braufilter k\u00f6nnen leicht befestigt werden.<\/li>\n<li>Simplified Smart Base\u00ae h\u00e4lt Ihren Tisch trocken.<\/li>\n<li>Filterkapazit\u00e4t: 50g.<\/li>\n<\/ul>","protected":false},"featured_media":3509,"comment_status":"open","ping_status":"closed","template":"","meta":{"_acf_changed":false},"product_brand":[],"product_cat":[71,113],"product_tag":[],"class_list":{"0":"post-3501","1":"product","2":"type-product","3":"status-publish","4":"has-post-thumbnail","6":"product_cat-mills-grinders","7":"product_cat-stainless-steel-mill","9":"first","10":"instock","11":"shipping-taxable","12":"purchasable","13":"product-type-variable"},"acf":[],"_links":{"self":[{"href":"https:\/\/www.sinoglass.com\/de\/wp-json\/wp\/v2\/product\/3501","targetHints":{"allow":["GET"]}}],"collection":[{"href":"https:\/\/www.sinoglass.com\/de\/wp-json\/wp\/v2\/product"}],"about":[{"href":"https:\/\/www.sinoglass.com\/de\/wp-json\/wp\/v2\/types\/product"}],"replies":[{"embeddable":true,"href":"https:\/\/www.sinoglass.com\/de\/wp-json\/wp\/v2\/comments?post=3501"}],"wp:featuredmedia":[{"embeddable":true,"href":"https:\/\/www.sinoglass.com\/de\/wp-json\/wp\/v2\/media\/3509"}],"wp:attachment":[{"href":"https:\/\/www.sinoglass.com\/de\/wp-json\/wp\/v2\/media?parent=3501"}],"wp:term":[{"taxonomy":"product_brand","embeddable":true,"href":"https:\/\/www.sinoglass.com\/de\/wp-json\/wp\/v2\/product_brand?post=3501"},{"taxonomy":"product_cat","embeddable":true,"href":"https:\/\/www.sinoglass.com\/de\/wp-json\/wp\/v2\/product_cat?post=3501"},{"taxonomy":"product_tag","embeddable":true,"href":"https:\/\/www.sinoglass.com\/de\/wp-json\/wp\/v2\/product_tag?post=3501"}],"curies":[{"name":"WP","href":"https:\/\/api.w.org\/{rel}","templated":true}]}}