{"id":3489,"date":"2024-03-07T10:20:10","date_gmt":"2024-03-07T02:20:10","guid":{"rendered":"http:\/\/www.sinoglass.com\/?post_type=product&#038;p=3489"},"modified":"2026-04-29T13:46:04","modified_gmt":"2026-04-29T05:46:04","slug":"cold-brew-coffee-maker","status":"publish","type":"product","link":"https:\/\/www.sinoglass.com\/de\/product\/cold-brew-coffee-maker\/","title":{"rendered":"Cold Brew Kaffeemaschine #61782001"},"content":{"rendered":"<p>Unsere neue ALL-IN-ONE Servierkarfe hat so viele Funktionen, dass wir uns nicht sicher sind, wo wir anfangen sollen. Also fangen wir an der Spitze an. Ziehen Sie auf den w\u00fcrfelf\u00f6rmigen Griff, und die Flasche \u00f6ffnet sich. Sie k\u00f6nnen aus jeder Richtung gie\u00dfen. Dr\u00fccken Sie den W\u00fcrfel nach unten, und die Flasche wird nicht lecken. Wenn Sie ein schnell gek\u00fchltes Getr\u00e4nk wollen, f\u00fcgen Sie die Eisperlen hinzu. Sie m\u00f6gen kalten Kaffee? Verwenden Sie den Braufilter, und am n\u00e4chsten Morgen haben Sie ein leckeres Getr\u00e4nk.<\/p>","protected":false},"excerpt":{"rendered":"<ul>\n<li>Dichtbares und omnidirectionelles Top.<\/li>\n<li>Eisperlen oder Braufilter k\u00f6nnen leicht befestigt werden.<\/li>\n<li>Filterkapazit\u00e4t: 50g.<\/li>\n<\/ul>","protected":false},"featured_media":10267,"comment_status":"open","ping_status":"closed","template":"","meta":{"_acf_changed":false},"product_brand":[279],"product_cat":[72,114,119],"product_tag":[],"class_list":{"0":"post-3489","1":"product","2":"type-product","3":"status-publish","4":"has-post-thumbnail","6":"product_brand-sinoglass","7":"product_cat-carafe-pitcher","8":"product_cat-cold-brew-coffee-maker","9":"product_cat-glass-water-jug","11":"first","12":"instock","13":"shipping-taxable","14":"purchasable","15":"product-type-variable"},"acf":[],"_links":{"self":[{"href":"https:\/\/www.sinoglass.com\/de\/wp-json\/wp\/v2\/product\/3489","targetHints":{"allow":["GET"]}}],"collection":[{"href":"https:\/\/www.sinoglass.com\/de\/wp-json\/wp\/v2\/product"}],"about":[{"href":"https:\/\/www.sinoglass.com\/de\/wp-json\/wp\/v2\/types\/product"}],"replies":[{"embeddable":true,"href":"https:\/\/www.sinoglass.com\/de\/wp-json\/wp\/v2\/comments?post=3489"}],"wp:featuredmedia":[{"embeddable":true,"href":"https:\/\/www.sinoglass.com\/de\/wp-json\/wp\/v2\/media\/10267"}],"wp:attachment":[{"href":"https:\/\/www.sinoglass.com\/de\/wp-json\/wp\/v2\/media?parent=3489"}],"wp:term":[{"taxonomy":"product_brand","embeddable":true,"href":"https:\/\/www.sinoglass.com\/de\/wp-json\/wp\/v2\/product_brand?post=3489"},{"taxonomy":"product_cat","embeddable":true,"href":"https:\/\/www.sinoglass.com\/de\/wp-json\/wp\/v2\/product_cat?post=3489"},{"taxonomy":"product_tag","embeddable":true,"href":"https:\/\/www.sinoglass.com\/de\/wp-json\/wp\/v2\/product_tag?post=3489"}],"curies":[{"name":"WP","href":"https:\/\/api.w.org\/{rel}","templated":true}]}}