{"id":3414,"date":"2024-02-27T11:30:46","date_gmt":"2024-02-27T03:30:46","guid":{"rendered":"http:\/\/www.sinoglass.com\/?post_type=product&#038;p=3414"},"modified":"2024-06-07T16:57:55","modified_gmt":"2024-06-07T08:57:55","slug":"plastic-container-with-wooden-lid","status":"publish","type":"product","link":"https:\/\/www.sinoglass.com\/de\/product\/plastic-container-with-wooden-lid\/","title":{"rendered":"Kunststoffbeh\u00e4lter mit Holzdeckel #99289001"},"content":{"rendered":"<p>Leichter und langlebiger Kunststoff in einer quadratischen Form ist gut f\u00fcr Ihren Regalraum. Manchmal ist es&#8217; Auch sicherer. Der BAMBOO FRESH SQ bietet Ihnen alle Vorteile von Kunststoff mit dem Stil unserer Bambusdeckel, versiegelt mit Silikon und mit einem Luftfreigabeventil zur Erhaltung der Frische. Vier stapelbare Gr\u00f6\u00dfen erf\u00fcllen Ihre Speicherbed\u00fcrfnisse.<\/p>","protected":false},"excerpt":{"rendered":"<ul>\n<li>Quadratische Plastiklager.<\/li>\n<li>Stilvoller Bambusdeckel mit Silikondichtung und Luftentlastungsventil.<\/li>\n<li>Vier verf\u00fcgbare Gr\u00f6\u00dfen.<\/li>\n<\/ul>","protected":false},"featured_media":5652,"comment_status":"open","ping_status":"closed","template":"","meta":{"_acf_changed":false},"product_brand":[],"product_cat":[102,101,68,88],"product_tag":[],"class_list":{"0":"post-3414","1":"product","2":"type-product","3":"status-publish","4":"has-post-thumbnail","6":"product_cat-airtight-food-container","7":"product_cat-plastic-kitchen-storage","8":"product_cat-storage-jars","9":"product_cat-wooden-lid-jar","11":"first","12":"instock","13":"shipping-taxable","14":"purchasable","15":"product-type-variable"},"acf":[],"_links":{"self":[{"href":"https:\/\/www.sinoglass.com\/de\/wp-json\/wp\/v2\/product\/3414","targetHints":{"allow":["GET"]}}],"collection":[{"href":"https:\/\/www.sinoglass.com\/de\/wp-json\/wp\/v2\/product"}],"about":[{"href":"https:\/\/www.sinoglass.com\/de\/wp-json\/wp\/v2\/types\/product"}],"replies":[{"embeddable":true,"href":"https:\/\/www.sinoglass.com\/de\/wp-json\/wp\/v2\/comments?post=3414"}],"wp:featuredmedia":[{"embeddable":true,"href":"https:\/\/www.sinoglass.com\/de\/wp-json\/wp\/v2\/media\/5652"}],"wp:attachment":[{"href":"https:\/\/www.sinoglass.com\/de\/wp-json\/wp\/v2\/media?parent=3414"}],"wp:term":[{"taxonomy":"product_brand","embeddable":true,"href":"https:\/\/www.sinoglass.com\/de\/wp-json\/wp\/v2\/product_brand?post=3414"},{"taxonomy":"product_cat","embeddable":true,"href":"https:\/\/www.sinoglass.com\/de\/wp-json\/wp\/v2\/product_cat?post=3414"},{"taxonomy":"product_tag","embeddable":true,"href":"https:\/\/www.sinoglass.com\/de\/wp-json\/wp\/v2\/product_tag?post=3414"}],"curies":[{"name":"WP","href":"https:\/\/api.w.org\/{rel}","templated":true}]}}