{"id":3380,"date":"2024-02-26T09:52:05","date_gmt":"2024-02-26T01:52:05","guid":{"rendered":"http:\/\/www.sinoglass.com\/?post_type=product&#038;p=3380"},"modified":"2024-06-14T15:58:19","modified_gmt":"2024-06-14T07:58:19","slug":"glass-jars-with-bamboo-lid","status":"publish","type":"product","link":"https:\/\/www.sinoglass.com\/de\/product\/glass-jars-with-bamboo-lid\/","title":{"rendered":"Glasgl\u00e4ser mit Bambusdeckel #99279001"},"content":{"rendered":"<p>Wir haben unsere klassische und langlebige Glaslagerl\u00f6sung genommen und sie mit einem runden Bambusdeckel \u00fcberdeckt, der fest und sicher angeschraubt wird. Square ist gro\u00dfartig f\u00fcr Ihren Regalraum, Bambus ist gro\u00dfartig f\u00fcr einen Sinn f\u00fcr Stil. Drei verf\u00fcgbare Gr\u00f6\u00dfen bieten die Vielfalt, die jede K\u00fcche ben\u00f6tigt.<\/p>","protected":false},"excerpt":{"rendered":"<ul>\n<li>Klassisches quadratisches Glasaufbewahrungsglas.<\/li>\n<li>Eleganter runder Bambusdeckel.<\/li>\n<li>Drei verf\u00fcgbare Gr\u00f6\u00dfen.<\/li>\n<\/ul>","protected":false},"featured_media":5651,"comment_status":"open","ping_status":"closed","template":"","meta":{"_acf_changed":false},"product_brand":[],"product_cat":[102,218,100,68,88],"product_tag":[],"class_list":{"0":"post-3380","1":"product","2":"type-product","3":"status-publish","4":"has-post-thumbnail","6":"product_cat-airtight-food-container","7":"product_cat-eco-friendly","8":"product_cat-glass-storage-jar","9":"product_cat-storage-jars","10":"product_cat-wooden-lid-jar","12":"first","13":"instock","14":"shipping-taxable","15":"purchasable","16":"product-type-variable"},"acf":[],"_links":{"self":[{"href":"https:\/\/www.sinoglass.com\/de\/wp-json\/wp\/v2\/product\/3380","targetHints":{"allow":["GET"]}}],"collection":[{"href":"https:\/\/www.sinoglass.com\/de\/wp-json\/wp\/v2\/product"}],"about":[{"href":"https:\/\/www.sinoglass.com\/de\/wp-json\/wp\/v2\/types\/product"}],"replies":[{"embeddable":true,"href":"https:\/\/www.sinoglass.com\/de\/wp-json\/wp\/v2\/comments?post=3380"}],"wp:featuredmedia":[{"embeddable":true,"href":"https:\/\/www.sinoglass.com\/de\/wp-json\/wp\/v2\/media\/5651"}],"wp:attachment":[{"href":"https:\/\/www.sinoglass.com\/de\/wp-json\/wp\/v2\/media?parent=3380"}],"wp:term":[{"taxonomy":"product_brand","embeddable":true,"href":"https:\/\/www.sinoglass.com\/de\/wp-json\/wp\/v2\/product_brand?post=3380"},{"taxonomy":"product_cat","embeddable":true,"href":"https:\/\/www.sinoglass.com\/de\/wp-json\/wp\/v2\/product_cat?post=3380"},{"taxonomy":"product_tag","embeddable":true,"href":"https:\/\/www.sinoglass.com\/de\/wp-json\/wp\/v2\/product_tag?post=3380"}],"curies":[{"name":"WP","href":"https:\/\/api.w.org\/{rel}","templated":true}]}}