{"id":3378,"date":"2024-02-26T09:04:24","date_gmt":"2024-02-26T01:04:24","guid":{"rendered":"http:\/\/www.sinoglass.com\/?post_type=product&#038;p=3378"},"modified":"2025-01-17T09:05:47","modified_gmt":"2025-01-17T01:05:47","slug":"olive-oil-honey-jar","status":"publish","type":"product","link":"https:\/\/www.sinoglass.com\/de\/product\/olive-oil-honey-jar\/","title":{"rendered":"Oliven\u00f6l\/Honigglas &#8211; Schlie\u00dfen #68222002"},"content":{"rendered":"<pre>Das Problem beim Gie\u00dfen von Honig ist der letzte Tropfen. Es geht in der Regel auf der Seite des Glases. Wir haben dieses Problem mit THE DRIPLESS gel\u00f6st, einem kompakten Glas mit einem einzigartigen Auslauf. Nachdem Sie die gew\u00fcnschte Menge gegossen haben, tippen Sie das Glas ein wenig zur\u00fcck und schieben Sie den Auslauf geschlossen. Die enge Passform der Rutsche dr\u00fcckt das letzte St\u00fcck Honig ab und verhindert, dass es auf den Glas tropft. Problem gel\u00f6st!<\/pre>","protected":false},"excerpt":{"rendered":"<ul>\n<li>Kompaktes Glas mit komfortablem Griff.<\/li>\n<li>Schiebemechanismus versiegelt die Spitze, stoppt den Tropfen.<\/li>\n<li>Eine No-Chaos-L\u00f6sung.<\/li>\n<\/ul>","protected":false},"featured_media":3375,"comment_status":"open","ping_status":"closed","template":"","meta":{"_acf_changed":false},"product_brand":[],"product_cat":[69,250],"product_tag":[],"class_list":{"0":"post-3378","1":"product","2":"type-product","3":"status-publish","4":"has-post-thumbnail","6":"product_cat-oil-dispensers","7":"product_cat-oil-vinegar-dispenser","9":"first","10":"instock","11":"shipping-taxable","12":"purchasable","13":"product-type-variable"},"acf":[],"_links":{"self":[{"href":"https:\/\/www.sinoglass.com\/de\/wp-json\/wp\/v2\/product\/3378","targetHints":{"allow":["GET"]}}],"collection":[{"href":"https:\/\/www.sinoglass.com\/de\/wp-json\/wp\/v2\/product"}],"about":[{"href":"https:\/\/www.sinoglass.com\/de\/wp-json\/wp\/v2\/types\/product"}],"replies":[{"embeddable":true,"href":"https:\/\/www.sinoglass.com\/de\/wp-json\/wp\/v2\/comments?post=3378"}],"wp:featuredmedia":[{"embeddable":true,"href":"https:\/\/www.sinoglass.com\/de\/wp-json\/wp\/v2\/media\/3375"}],"wp:attachment":[{"href":"https:\/\/www.sinoglass.com\/de\/wp-json\/wp\/v2\/media?parent=3378"}],"wp:term":[{"taxonomy":"product_brand","embeddable":true,"href":"https:\/\/www.sinoglass.com\/de\/wp-json\/wp\/v2\/product_brand?post=3378"},{"taxonomy":"product_cat","embeddable":true,"href":"https:\/\/www.sinoglass.com\/de\/wp-json\/wp\/v2\/product_cat?post=3378"},{"taxonomy":"product_tag","embeddable":true,"href":"https:\/\/www.sinoglass.com\/de\/wp-json\/wp\/v2\/product_tag?post=3378"}],"curies":[{"name":"WP","href":"https:\/\/api.w.org\/{rel}","templated":true}]}}