{"id":3361,"date":"2024-02-23T17:17:31","date_gmt":"2024-02-23T09:17:31","guid":{"rendered":"http:\/\/www.sinoglass.com\/?post_type=product&#038;p=3361"},"modified":"2024-04-11T16:58:17","modified_gmt":"2024-04-11T08:58:17","slug":"olive-oil-dispenser-with-brush","status":"publish","type":"product","link":"https:\/\/www.sinoglass.com\/de\/product\/olive-oil-dispenser-with-brush\/","title":{"rendered":"Oliven\u00f6l Spender mit Pinsel #78932000"},"content":{"rendered":"<p>Die \u00fcbliche Methode: Auf das \u00d6l gie\u00dfen, dann mit einem separaten Pinsel oder Geschirr verteilen. Der beste Weg: Verwenden Sie den einen Schritt! Die Silikonb\u00fcrste erm\u00f6glicht es Ihnen, die Menge zu kontrollieren, die Sie ben\u00f6tigen. Wenn Sie fertig sind, flie\u00dft das \u00fcbersch\u00fcssige \u00d6l zur\u00fcck in die Flasche. Ein spezieller Stopper im Drehdeckel verhindert, dass das \u00d6l leckt.<\/p>","protected":false},"excerpt":{"rendered":"<ul>\n<li>Weiches Silikon verteilt \u00d6l gleichm\u00e4\u00dfig.<\/li>\n<li>Spezieller Deckel verhindert, dass \u00d6l in die B\u00fcrste leckt.<\/li>\n<li>\u00dcbersch\u00fcssiges \u00d6l flie\u00dft zur\u00fcck in die Flasche.<\/li>\n<\/ul>","protected":false},"featured_media":3368,"comment_status":"open","ping_status":"closed","template":"","meta":{"_acf_changed":false},"product_brand":[],"product_cat":[69],"product_tag":[],"class_list":{"0":"post-3361","1":"product","2":"type-product","3":"status-publish","4":"has-post-thumbnail","6":"product_cat-oil-dispensers","8":"first","9":"instock","10":"shipping-taxable","11":"purchasable","12":"product-type-variable"},"acf":[],"_links":{"self":[{"href":"https:\/\/www.sinoglass.com\/de\/wp-json\/wp\/v2\/product\/3361","targetHints":{"allow":["GET"]}}],"collection":[{"href":"https:\/\/www.sinoglass.com\/de\/wp-json\/wp\/v2\/product"}],"about":[{"href":"https:\/\/www.sinoglass.com\/de\/wp-json\/wp\/v2\/types\/product"}],"replies":[{"embeddable":true,"href":"https:\/\/www.sinoglass.com\/de\/wp-json\/wp\/v2\/comments?post=3361"}],"wp:featuredmedia":[{"embeddable":true,"href":"https:\/\/www.sinoglass.com\/de\/wp-json\/wp\/v2\/media\/3368"}],"wp:attachment":[{"href":"https:\/\/www.sinoglass.com\/de\/wp-json\/wp\/v2\/media?parent=3361"}],"wp:term":[{"taxonomy":"product_brand","embeddable":true,"href":"https:\/\/www.sinoglass.com\/de\/wp-json\/wp\/v2\/product_brand?post=3361"},{"taxonomy":"product_cat","embeddable":true,"href":"https:\/\/www.sinoglass.com\/de\/wp-json\/wp\/v2\/product_cat?post=3361"},{"taxonomy":"product_tag","embeddable":true,"href":"https:\/\/www.sinoglass.com\/de\/wp-json\/wp\/v2\/product_tag?post=3361"}],"curies":[{"name":"WP","href":"https:\/\/api.w.org\/{rel}","templated":true}]}}