{"id":3337,"date":"2024-02-23T17:10:35","date_gmt":"2024-02-23T09:10:35","guid":{"rendered":"http:\/\/www.sinoglass.com\/?post_type=product&#038;p=3337"},"modified":"2025-01-17T09:06:03","modified_gmt":"2025-01-17T01:06:03","slug":"oil-dispenser-with-handle","status":"publish","type":"product","link":"https:\/\/www.sinoglass.com\/de\/product\/oil-dispenser-with-handle\/","title":{"rendered":"\u00d6lspender mit Griff #79214002"},"content":{"rendered":"<p>Mit einem intelligenten Hebelgriff \u00f6ffnet der AUTOPOUR beim Gie\u00dfen den Deckel. Das \u00d6l oder Essig flie\u00dft aus einem nicht tropfenden Auslauf. Wenn Sie die Flasche nach oben tippen, schlie\u00dft der Griff den Deckel und sch\u00fctzt ihn vor Schmutz und Tropfen.<\/p>","protected":false},"excerpt":{"rendered":"<ul>\n<li>Auto-offener Griff bedeutet bequemes Gie\u00dfen.<\/li>\n<li>Auto-Schlie\u00dfen Deckel h\u00e4lt Schmutz weg.<\/li>\n<li>Der nicht tropfende Auslauf gibt einen sauberen Gie\u00df.<\/li>\n<\/ul>","protected":false},"featured_media":3353,"comment_status":"open","ping_status":"closed","template":"","meta":{"_acf_changed":false},"product_brand":[],"product_cat":[69,250],"product_tag":[],"class_list":{"0":"post-3337","1":"product","2":"type-product","3":"status-publish","4":"has-post-thumbnail","6":"product_cat-oil-dispensers","7":"product_cat-oil-vinegar-dispenser","9":"first","10":"instock","11":"shipping-taxable","12":"purchasable","13":"product-type-variable"},"acf":[],"_links":{"self":[{"href":"https:\/\/www.sinoglass.com\/de\/wp-json\/wp\/v2\/product\/3337","targetHints":{"allow":["GET"]}}],"collection":[{"href":"https:\/\/www.sinoglass.com\/de\/wp-json\/wp\/v2\/product"}],"about":[{"href":"https:\/\/www.sinoglass.com\/de\/wp-json\/wp\/v2\/types\/product"}],"replies":[{"embeddable":true,"href":"https:\/\/www.sinoglass.com\/de\/wp-json\/wp\/v2\/comments?post=3337"}],"wp:featuredmedia":[{"embeddable":true,"href":"https:\/\/www.sinoglass.com\/de\/wp-json\/wp\/v2\/media\/3353"}],"wp:attachment":[{"href":"https:\/\/www.sinoglass.com\/de\/wp-json\/wp\/v2\/media?parent=3337"}],"wp:term":[{"taxonomy":"product_brand","embeddable":true,"href":"https:\/\/www.sinoglass.com\/de\/wp-json\/wp\/v2\/product_brand?post=3337"},{"taxonomy":"product_cat","embeddable":true,"href":"https:\/\/www.sinoglass.com\/de\/wp-json\/wp\/v2\/product_cat?post=3337"},{"taxonomy":"product_tag","embeddable":true,"href":"https:\/\/www.sinoglass.com\/de\/wp-json\/wp\/v2\/product_tag?post=3337"}],"curies":[{"name":"WP","href":"https:\/\/api.w.org\/{rel}","templated":true}]}}