{"id":3323,"date":"2024-02-22T13:28:43","date_gmt":"2024-02-22T05:28:43","guid":{"rendered":"http:\/\/www.sinoglass.com\/?post_type=product&#038;p=3323"},"modified":"2025-01-17T09:06:13","modified_gmt":"2025-01-17T01:06:13","slug":"oil-container-for-kitchen","status":"publish","type":"product","link":"https:\/\/www.sinoglass.com\/de\/product\/oil-container-for-kitchen\/","title":{"rendered":"\u00d6lbeh\u00e4lter f\u00fcr K\u00fcche #89481001"},"content":{"rendered":"<p>Unsere \u00d6lflasche ist genau das, was Sie brauchen: bequemer Griff, gro\u00dfe \u00d6ffnung, luftdichte Staubabdeckung, einhandige Presse zum \u00d6ffnen, schnelles und tropffreies \u00d6lgie\u00dfen. Es ist ein unverzichtbarer Assistent beim Kochen.<\/p>","protected":false},"excerpt":{"rendered":"<ul>\n<li>Die federbetriebene Kappe verwendet einen Silikonstecker, um den Auslauf zu schlie\u00dfen. Die Kappe ist luftdicht und der Auslauf ist tropffrei.<\/li>\n<li>Hygienisches Glas mit breiter \u00d6ffnung f\u00fcr einfaches F\u00fcllen und Reinigen.<\/li>\n<li>Gro\u00dfer und komfortabler Griff.<\/li>\n<\/ul>","protected":false},"featured_media":3329,"comment_status":"open","ping_status":"closed","template":"","meta":{"_acf_changed":false},"product_brand":[],"product_cat":[69,250],"product_tag":[],"class_list":{"0":"post-3323","1":"product","2":"type-product","3":"status-publish","4":"has-post-thumbnail","6":"product_cat-oil-dispensers","7":"product_cat-oil-vinegar-dispenser","9":"first","10":"instock","11":"shipping-taxable","12":"purchasable","13":"product-type-variable"},"acf":[],"_links":{"self":[{"href":"https:\/\/www.sinoglass.com\/de\/wp-json\/wp\/v2\/product\/3323","targetHints":{"allow":["GET"]}}],"collection":[{"href":"https:\/\/www.sinoglass.com\/de\/wp-json\/wp\/v2\/product"}],"about":[{"href":"https:\/\/www.sinoglass.com\/de\/wp-json\/wp\/v2\/types\/product"}],"replies":[{"embeddable":true,"href":"https:\/\/www.sinoglass.com\/de\/wp-json\/wp\/v2\/comments?post=3323"}],"wp:featuredmedia":[{"embeddable":true,"href":"https:\/\/www.sinoglass.com\/de\/wp-json\/wp\/v2\/media\/3329"}],"wp:attachment":[{"href":"https:\/\/www.sinoglass.com\/de\/wp-json\/wp\/v2\/media?parent=3323"}],"wp:term":[{"taxonomy":"product_brand","embeddable":true,"href":"https:\/\/www.sinoglass.com\/de\/wp-json\/wp\/v2\/product_brand?post=3323"},{"taxonomy":"product_cat","embeddable":true,"href":"https:\/\/www.sinoglass.com\/de\/wp-json\/wp\/v2\/product_cat?post=3323"},{"taxonomy":"product_tag","embeddable":true,"href":"https:\/\/www.sinoglass.com\/de\/wp-json\/wp\/v2\/product_tag?post=3323"}],"curies":[{"name":"WP","href":"https:\/\/api.w.org\/{rel}","templated":true}]}}