{"id":3273,"date":"2024-02-21T15:55:38","date_gmt":"2024-02-21T07:55:38","guid":{"rendered":"http:\/\/www.sinoglass.com\/?post_type=product&#038;p=3273"},"modified":"2025-01-17T09:06:22","modified_gmt":"2025-01-17T01:06:22","slug":"2-in-1-oil-vinegar-dispenser","status":"publish","type":"product","link":"https:\/\/www.sinoglass.com\/de\/product\/2-in-1-oil-vinegar-dispenser\/","title":{"rendered":"2 in 1 \u00d6l- und Essigdispenser #79282002"},"content":{"rendered":"<p>Sie m\u00f6gen \u00d6l und Essig auf Ihrem Salat, aber warum haben Sie zwei Flaschen daf\u00fcr? THE COMBO h\u00e4lt sie an einem Ort, jeder mit der Drehung des Deckels verf\u00fcgbar. F\u00fcllen Sie die Flasche mit \u00d6l, f\u00fcllen Sie den Innenkolben mit Essig, drehen Sie den Deckel, um Ihre Wahl zu treffen.<\/p>","protected":false},"excerpt":{"rendered":"<ul>\n<li>\u00d6l und Essig in einer praktischen Flasche.<\/li>\n<li>Drehen Sie den Deckel, um \u00d6l oder Essig zu w\u00e4hlen.<\/li>\n<li>Tropflose Edelstahlauslaufe.<\/li>\n<\/ul>","protected":false},"featured_media":3279,"comment_status":"open","ping_status":"closed","template":"","meta":{"_acf_changed":false},"product_brand":[],"product_cat":[69,250],"product_tag":[],"class_list":{"0":"post-3273","1":"product","2":"type-product","3":"status-publish","4":"has-post-thumbnail","6":"product_cat-oil-dispensers","7":"product_cat-oil-vinegar-dispenser","9":"first","10":"instock","11":"shipping-taxable","12":"purchasable","13":"product-type-variable"},"acf":[],"_links":{"self":[{"href":"https:\/\/www.sinoglass.com\/de\/wp-json\/wp\/v2\/product\/3273","targetHints":{"allow":["GET"]}}],"collection":[{"href":"https:\/\/www.sinoglass.com\/de\/wp-json\/wp\/v2\/product"}],"about":[{"href":"https:\/\/www.sinoglass.com\/de\/wp-json\/wp\/v2\/types\/product"}],"replies":[{"embeddable":true,"href":"https:\/\/www.sinoglass.com\/de\/wp-json\/wp\/v2\/comments?post=3273"}],"wp:featuredmedia":[{"embeddable":true,"href":"https:\/\/www.sinoglass.com\/de\/wp-json\/wp\/v2\/media\/3279"}],"wp:attachment":[{"href":"https:\/\/www.sinoglass.com\/de\/wp-json\/wp\/v2\/media?parent=3273"}],"wp:term":[{"taxonomy":"product_brand","embeddable":true,"href":"https:\/\/www.sinoglass.com\/de\/wp-json\/wp\/v2\/product_brand?post=3273"},{"taxonomy":"product_cat","embeddable":true,"href":"https:\/\/www.sinoglass.com\/de\/wp-json\/wp\/v2\/product_cat?post=3273"},{"taxonomy":"product_tag","embeddable":true,"href":"https:\/\/www.sinoglass.com\/de\/wp-json\/wp\/v2\/product_tag?post=3273"}],"curies":[{"name":"wp","href":"https:\/\/api.w.org\/{rel}","templated":true}]}}