{"id":3253,"date":"2024-02-21T15:21:21","date_gmt":"2024-02-21T07:21:21","guid":{"rendered":"http:\/\/www.sinoglass.com\/?post_type=product&#038;p=3253"},"modified":"2025-01-17T09:06:34","modified_gmt":"2025-01-17T01:06:34","slug":"measuring-olive-oil-pump-dispenser","status":"publish","type":"product","link":"https:\/\/www.sinoglass.com\/de\/product\/measuring-olive-oil-pump-dispenser\/","title":{"rendered":"Messende Oliven\u00f6lpumpe Spender #89592002"},"content":{"rendered":"<p>Sie wollen genaue Messungen, wenn Sie leckere Mahlzeiten zubereiten, und THE PRESSER misst einfach genau genug, nicht zu viel. Dr\u00fccken Sie die gro\u00dfe Oberseite nach unten, bis Sie das haben, was Sie brauchen, dann l\u00f6sen. Der Mechanismus ist einfach zu demontieren und zu reinigen. Auch der nicht tropfende Auslauf ist abnehmbar.<\/p>","protected":false},"excerpt":{"rendered":"<ul>\n<li>Dr\u00fccken Sie nach unten und l\u00f6sen Sie f\u00fcr eine genau gemessene Menge.<\/li>\n<li>Der nicht tropfende Auslauf h\u00e4lt Ihren Tisch sauber.<\/li>\n<li>Leicht demontierbar f\u00fcr gr\u00fcndliche Reinigung.<\/li>\n<\/ul>","protected":false},"featured_media":3268,"comment_status":"open","ping_status":"closed","template":"","meta":{"_acf_changed":false},"product_brand":[],"product_cat":[69,250],"product_tag":[],"class_list":{"0":"post-3253","1":"product","2":"type-product","3":"status-publish","4":"has-post-thumbnail","6":"product_cat-oil-dispensers","7":"product_cat-oil-vinegar-dispenser","9":"first","10":"instock","11":"shipping-taxable","12":"purchasable","13":"product-type-variable"},"acf":[],"_links":{"self":[{"href":"https:\/\/www.sinoglass.com\/de\/wp-json\/wp\/v2\/product\/3253","targetHints":{"allow":["GET"]}}],"collection":[{"href":"https:\/\/www.sinoglass.com\/de\/wp-json\/wp\/v2\/product"}],"about":[{"href":"https:\/\/www.sinoglass.com\/de\/wp-json\/wp\/v2\/types\/product"}],"replies":[{"embeddable":true,"href":"https:\/\/www.sinoglass.com\/de\/wp-json\/wp\/v2\/comments?post=3253"}],"wp:featuredmedia":[{"embeddable":true,"href":"https:\/\/www.sinoglass.com\/de\/wp-json\/wp\/v2\/media\/3268"}],"wp:attachment":[{"href":"https:\/\/www.sinoglass.com\/de\/wp-json\/wp\/v2\/media?parent=3253"}],"wp:term":[{"taxonomy":"product_brand","embeddable":true,"href":"https:\/\/www.sinoglass.com\/de\/wp-json\/wp\/v2\/product_brand?post=3253"},{"taxonomy":"product_cat","embeddable":true,"href":"https:\/\/www.sinoglass.com\/de\/wp-json\/wp\/v2\/product_cat?post=3253"},{"taxonomy":"product_tag","embeddable":true,"href":"https:\/\/www.sinoglass.com\/de\/wp-json\/wp\/v2\/product_tag?post=3253"}],"curies":[{"name":"WP","href":"https:\/\/api.w.org\/{rel}","templated":true}]}}