{"id":3234,"date":"2024-02-21T14:09:32","date_gmt":"2024-02-21T06:09:32","guid":{"rendered":"http:\/\/www.sinoglass.com\/?post_type=product&#038;p=3234"},"modified":"2025-04-21T13:51:29","modified_gmt":"2025-04-21T05:51:29","slug":"olive-oil-measuring-dispenser","status":"publish","type":"product","link":"https:\/\/www.sinoglass.com\/de\/product\/olive-oil-measuring-dispenser\/","title":{"rendered":"Oliven\u00f6l Messdispenser #79276001"},"content":{"rendered":"<p>Unsere verbesserte Version der Mess\u00f6lflasche erm\u00f6glicht nicht nur eine pr\u00e4zise \u00d6lverteilung, sondern verf\u00fcgt auch \u00fcber eine R\u00fcckgabefunktion, die es erm\u00f6glicht, dass das nicht verteilte \u00d6l zur\u00fcck in die Flasche flie\u00dft. Dar\u00fcber hinaus haben wir den Pressbereich f\u00fcr eine verbesserte Presseffizienz und Haltbarkeit verbessert.<\/p>","protected":false},"excerpt":{"rendered":"<ul>\n<li>Dr\u00fccken Sie den gro\u00dfen Knopf oben und das \u00fcbersch\u00fcssige \u00d6l flie\u00dft zur\u00fcck in die Flasche.<\/li>\n<li>Die Unibody-Konstruktion der oberen H\u00e4lfte bedeutet, dass der Silikon-Pressbereich sicher und dauerhaft ist.<\/li>\n<li>Aunique Auslaufdesign geben einen gro\u00dfen Durchfluss ohne Tropfen.<\/li>\n<li>Die Silikonrohrverl\u00e4ngerung erm\u00f6glicht es Ihnen, das gesamte \u00d6l vom Boden des Glases zu bekommen.<\/li>\n<li>Jedes Teil kann leicht f\u00fcr gr\u00fcndliche Reinigung demontiert werden.<\/li>\n<\/ul>","protected":false},"featured_media":3240,"comment_status":"open","ping_status":"closed","template":"","meta":{"_acf_changed":false},"product_brand":[],"product_cat":[69,250],"product_tag":[],"class_list":{"0":"post-3234","1":"product","2":"type-product","3":"status-publish","4":"has-post-thumbnail","6":"product_cat-oil-dispensers","7":"product_cat-oil-vinegar-dispenser","9":"first","10":"instock","11":"shipping-taxable","12":"purchasable","13":"product-type-variable"},"acf":[],"_links":{"self":[{"href":"https:\/\/www.sinoglass.com\/de\/wp-json\/wp\/v2\/product\/3234","targetHints":{"allow":["GET"]}}],"collection":[{"href":"https:\/\/www.sinoglass.com\/de\/wp-json\/wp\/v2\/product"}],"about":[{"href":"https:\/\/www.sinoglass.com\/de\/wp-json\/wp\/v2\/types\/product"}],"replies":[{"embeddable":true,"href":"https:\/\/www.sinoglass.com\/de\/wp-json\/wp\/v2\/comments?post=3234"}],"wp:featuredmedia":[{"embeddable":true,"href":"https:\/\/www.sinoglass.com\/de\/wp-json\/wp\/v2\/media\/3240"}],"wp:attachment":[{"href":"https:\/\/www.sinoglass.com\/de\/wp-json\/wp\/v2\/media?parent=3234"}],"wp:term":[{"taxonomy":"product_brand","embeddable":true,"href":"https:\/\/www.sinoglass.com\/de\/wp-json\/wp\/v2\/product_brand?post=3234"},{"taxonomy":"product_cat","embeddable":true,"href":"https:\/\/www.sinoglass.com\/de\/wp-json\/wp\/v2\/product_cat?post=3234"},{"taxonomy":"product_tag","embeddable":true,"href":"https:\/\/www.sinoglass.com\/de\/wp-json\/wp\/v2\/product_tag?post=3234"}],"curies":[{"name":"WP","href":"https:\/\/api.w.org\/{rel}","templated":true}]}}