{"id":3214,"date":"2024-02-21T11:16:41","date_gmt":"2024-02-21T03:16:41","guid":{"rendered":"http:\/\/www.sinoglass.com\/?post_type=product&#038;p=3214"},"modified":"2025-01-17T09:06:57","modified_gmt":"2025-01-17T01:06:57","slug":"oil-pump-dispenser-with-measuring","status":"publish","type":"product","link":"https:\/\/www.sinoglass.com\/de\/product\/oil-pump-dispenser-with-measuring\/","title":{"rendered":"\u00d6lpumpe Spender mit Messung #8483742"},"content":{"rendered":"<p>Kein zus\u00e4tzlicher Messbecher erforderlich, unsere \u00d6lflasche ist mit einem Messmechanismus ausgestattet, der \u00d6l in genauen Mengen mit einer Presse abgibt, so dass Sie genau kochen und eine gesunde Ern\u00e4hrung pflegen k\u00f6nnen.<\/p>","protected":false},"excerpt":{"rendered":"<ul>\n<li>F\u00fcr einen Teel\u00f6ffel bis einen Essl\u00f6ffel dr\u00fccken, messen und gie\u00dfen Sie einfach.<\/li>\n<li>Abdecken Sie das Loch, dr\u00fccken Sie nach Ma\u00df, lassen Sie los, wenn Sie genug haben.<\/li>\n<li>Alle Teile sind einfach zu demontieren und zu reinigen.<\/li>\n<li>Nicht-Tropfen-Auslauf.<\/li>\n<\/ul>","protected":false},"featured_media":3220,"comment_status":"open","ping_status":"closed","template":"","meta":{"_acf_changed":false},"product_brand":[],"product_cat":[69,250],"product_tag":[],"class_list":{"0":"post-3214","1":"product","2":"type-product","3":"status-publish","4":"has-post-thumbnail","6":"product_cat-oil-dispensers","7":"product_cat-oil-vinegar-dispenser","9":"first","10":"instock","11":"shipping-taxable","12":"purchasable","13":"product-type-variable"},"acf":[],"_links":{"self":[{"href":"https:\/\/www.sinoglass.com\/de\/wp-json\/wp\/v2\/product\/3214","targetHints":{"allow":["GET"]}}],"collection":[{"href":"https:\/\/www.sinoglass.com\/de\/wp-json\/wp\/v2\/product"}],"about":[{"href":"https:\/\/www.sinoglass.com\/de\/wp-json\/wp\/v2\/types\/product"}],"replies":[{"embeddable":true,"href":"https:\/\/www.sinoglass.com\/de\/wp-json\/wp\/v2\/comments?post=3214"}],"wp:featuredmedia":[{"embeddable":true,"href":"https:\/\/www.sinoglass.com\/de\/wp-json\/wp\/v2\/media\/3220"}],"wp:attachment":[{"href":"https:\/\/www.sinoglass.com\/de\/wp-json\/wp\/v2\/media?parent=3214"}],"wp:term":[{"taxonomy":"product_brand","embeddable":true,"href":"https:\/\/www.sinoglass.com\/de\/wp-json\/wp\/v2\/product_brand?post=3214"},{"taxonomy":"product_cat","embeddable":true,"href":"https:\/\/www.sinoglass.com\/de\/wp-json\/wp\/v2\/product_cat?post=3214"},{"taxonomy":"product_tag","embeddable":true,"href":"https:\/\/www.sinoglass.com\/de\/wp-json\/wp\/v2\/product_tag?post=3214"}],"curies":[{"name":"WP","href":"https:\/\/api.w.org\/{rel}","templated":true}]}}