{"id":3194,"date":"2024-02-21T10:25:04","date_gmt":"2024-02-21T02:25:04","guid":{"rendered":"http:\/\/www.sinoglass.com\/?post_type=product&#038;p=3194"},"modified":"2025-04-21T13:51:20","modified_gmt":"2025-04-21T05:51:20","slug":"automatic-oil-dispenser","status":"publish","type":"product","link":"https:\/\/www.sinoglass.com\/de\/product\/automatic-oil-dispenser\/","title":{"rendered":"Automatischer \u00d6lspender #79321001"},"content":{"rendered":"<p>Sommer, l\u00e4ssig und Spa\u00df. Wir lieben einen leichten Tag, und die SUMMER ist eine einfache und elegante Flasche, ein robuster Beh\u00e4lter f\u00fcr hochwertiges \u00d6l. F\u00fcgen Sie neue Aromen hinzu, indem Sie Ihre Lieblingskr\u00e4uter einf\u00fcllen. Ein Schwerkraftdeckel bedeutet, dass Sie einfach aufnehmen und gie\u00dfen. Der Silikon-Anti-Tropfen-Auslauf springt zur Reinigung ab und 500ml \/ 17oz. ist die perfekte Gr\u00f6\u00dfe zum Kochen, Salate oder Nudeln rund um den Tisch hinzuf\u00fcgen, Ihre Wahl. Genie\u00dfen Sie einen frischen und komfortablen Sommer!<\/p>","protected":false},"excerpt":{"rendered":"<p>\u2022 Kompakter Glas\u00f6ldispenser.<br \/>\n\u2022 Schwerkraftdeckel \u00f6ffnet sich automatisch.<br \/>\n\u2022 Silikon-Anti-Tropfen-Auslauf springt f\u00fcr die Reinigung.<br \/>\n\u2022 500ml\/17 Unzen. Kapazit\u00e4t.<\/p>","protected":false},"featured_media":3199,"comment_status":"open","ping_status":"closed","template":"","meta":{"_acf_changed":false},"product_brand":[],"product_cat":[69,250],"product_tag":[],"class_list":{"0":"post-3194","1":"product","2":"type-product","3":"status-publish","4":"has-post-thumbnail","6":"product_cat-oil-dispensers","7":"product_cat-oil-vinegar-dispenser","9":"first","10":"instock","11":"shipping-taxable","12":"purchasable","13":"product-type-variable"},"acf":[],"_links":{"self":[{"href":"https:\/\/www.sinoglass.com\/de\/wp-json\/wp\/v2\/product\/3194","targetHints":{"allow":["GET"]}}],"collection":[{"href":"https:\/\/www.sinoglass.com\/de\/wp-json\/wp\/v2\/product"}],"about":[{"href":"https:\/\/www.sinoglass.com\/de\/wp-json\/wp\/v2\/types\/product"}],"replies":[{"embeddable":true,"href":"https:\/\/www.sinoglass.com\/de\/wp-json\/wp\/v2\/comments?post=3194"}],"wp:featuredmedia":[{"embeddable":true,"href":"https:\/\/www.sinoglass.com\/de\/wp-json\/wp\/v2\/media\/3199"}],"wp:attachment":[{"href":"https:\/\/www.sinoglass.com\/de\/wp-json\/wp\/v2\/media?parent=3194"}],"wp:term":[{"taxonomy":"product_brand","embeddable":true,"href":"https:\/\/www.sinoglass.com\/de\/wp-json\/wp\/v2\/product_brand?post=3194"},{"taxonomy":"product_cat","embeddable":true,"href":"https:\/\/www.sinoglass.com\/de\/wp-json\/wp\/v2\/product_cat?post=3194"},{"taxonomy":"product_tag","embeddable":true,"href":"https:\/\/www.sinoglass.com\/de\/wp-json\/wp\/v2\/product_tag?post=3194"}],"curies":[{"name":"WP","href":"https:\/\/api.w.org\/{rel}","templated":true}]}}