{"id":291,"date":"2023-12-19T14:09:24","date_gmt":"2023-12-19T06:09:24","guid":{"rendered":"http:\/\/www.sinoglass.com\/?post_type=product&#038;p=291"},"modified":"2025-04-21T13:51:02","modified_gmt":"2025-04-21T05:51:02","slug":"auto-flip-olive-oil-dispenser-bottle","status":"publish","type":"product","link":"https:\/\/www.sinoglass.com\/de\/product\/auto-flip-olive-oil-dispenser-bottle\/","title":{"rendered":"Auto Flip Oliven\u00f6l Spender Flasche #8966100101"},"content":{"rendered":"<p>Die TIP IT Schwerkraftflasche bietet sauberen Stil und einfache Bedienung. Tippen Sie einfach die geformte Flasche, um den Deckel zu \u00f6ffnen, gie\u00dfen Sie \u00d6l oder Essig durch den tropffreien Silikon-Auslauf und tippen Sie es dann zur\u00fcck, um zu schlie\u00dfen. Wenn Sie das \u00d6l mit Kr\u00e4utern schmecken m\u00f6chten, h\u00e4lt der integrierte Filter diese Zutaten in der Flasche. Schwarzer Kunststoff mit einem Edelstahlband passt sich jedem Dekor an.<\/p>","protected":false},"excerpt":{"rendered":"<ul>\n<li>Schwerkraftbetrieben offen und schlie\u00dfen<\/li>\n<li>Integrierter Filter f\u00fcr \u00d6linfusion<\/li>\n<li>Einfach zu greifende Flaschenform<\/li>\n<li>Nicht-Tropfen-Auslauf<\/li>\n<\/ul>","protected":false},"featured_media":2677,"comment_status":"open","ping_status":"closed","template":"","meta":{"_acf_changed":false},"product_brand":[],"product_cat":[69,107,250],"product_tag":[],"class_list":{"0":"post-291","1":"product","2":"type-product","3":"status-publish","4":"has-post-thumbnail","6":"product_cat-oil-dispensers","7":"product_cat-oil-infuser-bottles","8":"product_cat-oil-vinegar-dispenser","10":"first","11":"instock","12":"shipping-taxable","13":"purchasable","14":"product-type-variable"},"acf":[],"_links":{"self":[{"href":"https:\/\/www.sinoglass.com\/de\/wp-json\/wp\/v2\/product\/291","targetHints":{"allow":["GET"]}}],"collection":[{"href":"https:\/\/www.sinoglass.com\/de\/wp-json\/wp\/v2\/product"}],"about":[{"href":"https:\/\/www.sinoglass.com\/de\/wp-json\/wp\/v2\/types\/product"}],"replies":[{"embeddable":true,"href":"https:\/\/www.sinoglass.com\/de\/wp-json\/wp\/v2\/comments?post=291"}],"wp:featuredmedia":[{"embeddable":true,"href":"https:\/\/www.sinoglass.com\/de\/wp-json\/wp\/v2\/media\/2677"}],"wp:attachment":[{"href":"https:\/\/www.sinoglass.com\/de\/wp-json\/wp\/v2\/media?parent=291"}],"wp:term":[{"taxonomy":"product_brand","embeddable":true,"href":"https:\/\/www.sinoglass.com\/de\/wp-json\/wp\/v2\/product_brand?post=291"},{"taxonomy":"product_cat","embeddable":true,"href":"https:\/\/www.sinoglass.com\/de\/wp-json\/wp\/v2\/product_cat?post=291"},{"taxonomy":"product_tag","embeddable":true,"href":"https:\/\/www.sinoglass.com\/de\/wp-json\/wp\/v2\/product_tag?post=291"}],"curies":[{"name":"WP","href":"https:\/\/api.w.org\/{rel}","templated":true}]}}