{"id":2796,"date":"2024-02-18T15:40:36","date_gmt":"2024-02-18T07:40:36","guid":{"rendered":"http:\/\/www.sinoglass.com\/?post_type=product&#038;p=2796"},"modified":"2025-01-17T09:07:30","modified_gmt":"2025-01-17T01:07:30","slug":"olive-oil-infuser-bottle","status":"publish","type":"product","link":"https:\/\/www.sinoglass.com\/de\/product\/olive-oil-infuser-bottle\/","title":{"rendered":"Oliven\u00f6l Infusionsflasche #89652001"},"content":{"rendered":"<p>Unsere Kr\u00e4uterinfusionsflasche filtert Kr\u00e4uter durch ein Lebensmittelnetz aus und gie\u00dft Aromen aus. Die brandneue Silikonkappe ist nicht nur haltbar, sondern auch leicht zu reinigen. Eine Einfingerkappe erm\u00f6glicht es Ihnen, es einfach zu \u00f6ffnen oder zu schlie\u00dfen, was es bequem f\u00fcr Ihr Kochen macht. Die elegante Flaschenform macht sie zur besten \u00d6l- und Essigflasche f\u00fcr Ihre K\u00fcche.<\/p>","protected":false},"excerpt":{"rendered":"<ul>\n<li>\u00a02 in 1 Design, \u00d6l Spender oder Kr\u00e4uter\u00f6l Hersteller sein.<\/li>\n<li>F\u00fcgen Sie Kr\u00e4uter, Gew\u00fcrze und \u00d6l in die Borosilikatglasflasche hinzu.<\/li>\n<li>Lebensmittelqualit\u00e4ts-Plastikfilter angebracht.<\/li>\n<li>Anti-Tropfen-Auslauf f\u00fcr mess-free Gie\u00dfen.<\/li>\n<li>Weicher und biegbarer Silikondeckel<\/li>\n<li>Einfinger betriebene Kappe<\/li>\n<\/ul>","protected":false},"featured_media":3193,"comment_status":"open","ping_status":"closed","template":"","meta":{"_acf_changed":false},"product_brand":[],"product_cat":[69,107,250],"product_tag":[],"class_list":{"0":"post-2796","1":"product","2":"type-product","3":"status-publish","4":"has-post-thumbnail","6":"product_cat-oil-dispensers","7":"product_cat-oil-infuser-bottles","8":"product_cat-oil-vinegar-dispenser","10":"first","11":"instock","12":"shipping-taxable","13":"purchasable","14":"product-type-variable"},"acf":[],"_links":{"self":[{"href":"https:\/\/www.sinoglass.com\/de\/wp-json\/wp\/v2\/product\/2796","targetHints":{"allow":["GET"]}}],"collection":[{"href":"https:\/\/www.sinoglass.com\/de\/wp-json\/wp\/v2\/product"}],"about":[{"href":"https:\/\/www.sinoglass.com\/de\/wp-json\/wp\/v2\/types\/product"}],"replies":[{"embeddable":true,"href":"https:\/\/www.sinoglass.com\/de\/wp-json\/wp\/v2\/comments?post=2796"}],"wp:featuredmedia":[{"embeddable":true,"href":"https:\/\/www.sinoglass.com\/de\/wp-json\/wp\/v2\/media\/3193"}],"wp:attachment":[{"href":"https:\/\/www.sinoglass.com\/de\/wp-json\/wp\/v2\/media?parent=2796"}],"wp:term":[{"taxonomy":"product_brand","embeddable":true,"href":"https:\/\/www.sinoglass.com\/de\/wp-json\/wp\/v2\/product_brand?post=2796"},{"taxonomy":"product_cat","embeddable":true,"href":"https:\/\/www.sinoglass.com\/de\/wp-json\/wp\/v2\/product_cat?post=2796"},{"taxonomy":"product_tag","embeddable":true,"href":"https:\/\/www.sinoglass.com\/de\/wp-json\/wp\/v2\/product_tag?post=2796"}],"curies":[{"name":"WP","href":"https:\/\/api.w.org\/{rel}","templated":true}]}}