{"id":10223,"date":"2026-04-21T11:32:10","date_gmt":"2026-04-21T03:32:10","guid":{"rendered":"https:\/\/www.sinoglass.com\/?post_type=product&#038;p=10223"},"modified":"2026-04-21T11:37:43","modified_gmt":"2026-04-21T03:37:43","slug":"spice-jar-and-spoon","status":"publish","type":"product","link":"https:\/\/www.sinoglass.com\/de\/product\/spice-jar-and-spoon\/","title":{"rendered":"Spice Jar und Spoon &#8211; Kein Kunststoff #8735200201"},"content":{"rendered":"<p>Ihr Lieblingsw\u00fcrz und ein nachhaltiger Zweck kommen in SPICY zusammen. Dieses Borosilikatglas und Akaziaholzglas enth\u00e4lt einen h\u00f6lzernen Portionsl\u00f6ffel und ein Versprechen zur Einfachheit. Teil der ECO. LIFE Serie, SPICY macht eine solide Aussage und serviert einen leckeren Geschmack Ihrer Wahl.<\/p>","protected":false},"excerpt":{"rendered":"<ul>\n<li>Borosilikat Glas und Holz servieren Glas.<\/li>\n<li>Holzleffel enthalten.<\/li>\n<li>Teil der ECO. Leben Serie.<\/li>\n<\/ul>","protected":false},"featured_media":10230,"comment_status":"open","ping_status":"closed","template":"","meta":{"_acf_changed":false},"product_brand":[],"product_cat":[80,108,70],"product_tag":[],"class_list":{"0":"post-10223","1":"product","2":"type-product","3":"status-publish","4":"has-post-thumbnail","6":"product_cat-new-products","7":"product_cat-spice-jars","8":"product_cat-spice-racks","10":"first","11":"instock","12":"shipping-taxable","13":"purchasable","14":"product-type-variable"},"acf":[],"_links":{"self":[{"href":"https:\/\/www.sinoglass.com\/de\/wp-json\/wp\/v2\/product\/10223","targetHints":{"allow":["GET"]}}],"collection":[{"href":"https:\/\/www.sinoglass.com\/de\/wp-json\/wp\/v2\/product"}],"about":[{"href":"https:\/\/www.sinoglass.com\/de\/wp-json\/wp\/v2\/types\/product"}],"replies":[{"embeddable":true,"href":"https:\/\/www.sinoglass.com\/de\/wp-json\/wp\/v2\/comments?post=10223"}],"wp:featuredmedia":[{"embeddable":true,"href":"https:\/\/www.sinoglass.com\/de\/wp-json\/wp\/v2\/media\/10230"}],"wp:attachment":[{"href":"https:\/\/www.sinoglass.com\/de\/wp-json\/wp\/v2\/media?parent=10223"}],"wp:term":[{"taxonomy":"product_brand","embeddable":true,"href":"https:\/\/www.sinoglass.com\/de\/wp-json\/wp\/v2\/product_brand?post=10223"},{"taxonomy":"product_cat","embeddable":true,"href":"https:\/\/www.sinoglass.com\/de\/wp-json\/wp\/v2\/product_cat?post=10223"},{"taxonomy":"product_tag","embeddable":true,"href":"https:\/\/www.sinoglass.com\/de\/wp-json\/wp\/v2\/product_tag?post=10223"}],"curies":[{"name":"WP","href":"https:\/\/api.w.org\/{rel}","templated":true}]}}