{"id":10217,"date":"2026-04-21T11:18:52","date_gmt":"2026-04-21T03:18:52","guid":{"rendered":"https:\/\/www.sinoglass.com\/?post_type=product&#038;p=10217"},"modified":"2026-04-21T11:30:47","modified_gmt":"2026-04-21T03:30:47","slug":"honey-jar","status":"publish","type":"product","link":"https:\/\/www.sinoglass.com\/de\/product\/honey-jar\/","title":{"rendered":"Honigglas und Server &#8211; Kein Kunststoff #8736200201"},"content":{"rendered":"<p>Honig hat sowohl S\u00fc\u00dfe als auch gesunde Vorteile, also warum nicht als Zuckeralternative dienen? Das SWEETNESS Borosilikat Serviergelar mit Akazie- und Bambusdeckel macht eine Aussage auf Ihrem Tisch. Teil der ECO. LIFE Serie, ihre einfachen Elemente spiegeln den nat\u00fcrlichen Ursprung des Honigs wider. S\u00fc\u00dfer Geschmack gepaart mit einem nachhaltigen Zweck bedeutet ein besseres Erlebnis f\u00fcr jeden.<\/p>","protected":false},"excerpt":{"rendered":"<ul>\n<li>Borosilikat Glas und Holz servieren Glas.<\/li>\n<li>Holzserver inbegriffen.<\/li>\n<li>Teil der ECO. Leben Serie.<\/li>\n<\/ul>","protected":false},"featured_media":10220,"comment_status":"open","ping_status":"closed","template":"","meta":{"_acf_changed":false},"product_brand":[279],"product_cat":[80,70,111],"product_tag":[],"class_list":{"0":"post-10217","1":"product","2":"type-product","3":"status-publish","4":"has-post-thumbnail","6":"product_brand-sinoglass","7":"product_cat-new-products","8":"product_cat-spice-racks","9":"product_cat-sugar-jars","11":"first","12":"instock","13":"shipping-taxable","14":"purchasable","15":"product-type-variable"},"acf":[],"_links":{"self":[{"href":"https:\/\/www.sinoglass.com\/de\/wp-json\/wp\/v2\/product\/10217","targetHints":{"allow":["GET"]}}],"collection":[{"href":"https:\/\/www.sinoglass.com\/de\/wp-json\/wp\/v2\/product"}],"about":[{"href":"https:\/\/www.sinoglass.com\/de\/wp-json\/wp\/v2\/types\/product"}],"replies":[{"embeddable":true,"href":"https:\/\/www.sinoglass.com\/de\/wp-json\/wp\/v2\/comments?post=10217"}],"wp:featuredmedia":[{"embeddable":true,"href":"https:\/\/www.sinoglass.com\/de\/wp-json\/wp\/v2\/media\/10220"}],"wp:attachment":[{"href":"https:\/\/www.sinoglass.com\/de\/wp-json\/wp\/v2\/media?parent=10217"}],"wp:term":[{"taxonomy":"product_brand","embeddable":true,"href":"https:\/\/www.sinoglass.com\/de\/wp-json\/wp\/v2\/product_brand?post=10217"},{"taxonomy":"product_cat","embeddable":true,"href":"https:\/\/www.sinoglass.com\/de\/wp-json\/wp\/v2\/product_cat?post=10217"},{"taxonomy":"product_tag","embeddable":true,"href":"https:\/\/www.sinoglass.com\/de\/wp-json\/wp\/v2\/product_tag?post=10217"}],"curies":[{"name":"WP","href":"https:\/\/api.w.org\/{rel}","templated":true}]}}