{"id":10192,"date":"2026-04-21T10:35:27","date_gmt":"2026-04-21T02:35:27","guid":{"rendered":"https:\/\/www.sinoglass.com\/?post_type=product&#038;p=10192"},"modified":"2026-04-21T10:54:43","modified_gmt":"2026-04-21T02:54:43","slug":"plastic-sugar-shaker","status":"publish","type":"product","link":"https:\/\/www.sinoglass.com\/de\/product\/plastic-sugar-shaker\/","title":{"rendered":"Kunststoff Zucker Shaker &#8211; Pulverausgabe #80682000"},"content":{"rendered":"<p>Ein Spr\u00fchen von Mehl oder Zuckerpulver ist oft eine perfekte L\u00f6sung, aber es kann chaotisch sein. Nicht mehr. Nehmen Sie einfach den MAGNETO DUSTER aus Ihrer Wahl von Metalloberfl\u00e4chen und streuen Sie ihn dort, wo Sie ihn brauchen. Es ist einfach, eine Suppe zu verdicken, Fleisch zum Braten vorzubereiten, ein Dessert zu s\u00fc\u00dfen oder was sonst nur genug, aber nicht zu viel erfordert.  You&#8217; Sie haben immer Mehl und Zuckerpulver genau dort, wo Sie sie brauchen.<\/p>","protected":false},"excerpt":{"rendered":"<ul>\n<li>Haltbarer Kunststoffk\u00f6rper.<\/li>\n<li>Perfekt f\u00fcr feines Pulver.<\/li>\n<li>Magnetischer Aufh\u00e4ngstreifen.<\/li>\n<\/ul>","protected":false},"featured_media":10203,"comment_status":"open","ping_status":"closed","template":"","meta":{"_acf_changed":false},"product_brand":[],"product_cat":[80,70,111],"product_tag":[],"class_list":{"0":"post-10192","1":"product","2":"type-product","3":"status-publish","4":"has-post-thumbnail","6":"product_cat-new-products","7":"product_cat-spice-racks","8":"product_cat-sugar-jars","10":"first","11":"instock","12":"shipping-taxable","13":"purchasable","14":"product-type-variable"},"acf":[],"_links":{"self":[{"href":"https:\/\/www.sinoglass.com\/de\/wp-json\/wp\/v2\/product\/10192","targetHints":{"allow":["GET"]}}],"collection":[{"href":"https:\/\/www.sinoglass.com\/de\/wp-json\/wp\/v2\/product"}],"about":[{"href":"https:\/\/www.sinoglass.com\/de\/wp-json\/wp\/v2\/types\/product"}],"replies":[{"embeddable":true,"href":"https:\/\/www.sinoglass.com\/de\/wp-json\/wp\/v2\/comments?post=10192"}],"wp:featuredmedia":[{"embeddable":true,"href":"https:\/\/www.sinoglass.com\/de\/wp-json\/wp\/v2\/media\/10203"}],"wp:attachment":[{"href":"https:\/\/www.sinoglass.com\/de\/wp-json\/wp\/v2\/media?parent=10192"}],"wp:term":[{"taxonomy":"product_brand","embeddable":true,"href":"https:\/\/www.sinoglass.com\/de\/wp-json\/wp\/v2\/product_brand?post=10192"},{"taxonomy":"product_cat","embeddable":true,"href":"https:\/\/www.sinoglass.com\/de\/wp-json\/wp\/v2\/product_cat?post=10192"},{"taxonomy":"product_tag","embeddable":true,"href":"https:\/\/www.sinoglass.com\/de\/wp-json\/wp\/v2\/product_tag?post=10192"}],"curies":[{"name":"WP","href":"https:\/\/api.w.org\/{rel}","templated":true}]}}