{"id":10178,"date":"2026-04-21T10:11:13","date_gmt":"2026-04-21T02:11:13","guid":{"rendered":"https:\/\/www.sinoglass.com\/?post_type=product&#038;p=10178"},"modified":"2026-04-21T10:21:33","modified_gmt":"2026-04-21T02:21:33","slug":"vacuum-thermal-bottle","status":"publish","type":"product","link":"https:\/\/www.sinoglass.com\/de\/product\/vacuum-thermal-bottle\/","title":{"rendered":"Vakuum thermische Flasche &#8211; Schnellzugriffsdeckel #61867001W"},"content":{"rendered":"<p>CAMLOCK ist effizient, thermisch sch\u00fctzt. Wir stellen sie in einem robusten Paket zusammen, perfekt f\u00fcr einen langen und anstrengenden Tag. Der CAMLOCK Griff ist stark genug, um ihn in einem G\u00fcrtel oder auf einem Ring zu tragen. Eine Bewegung \u00f6ffnet den Deckel ganz zur\u00fcck, aus dem Weg. Wenn Sie den Deckel schlie\u00dfen, sperren Sie alle Leckagen aus.<\/p>","protected":false},"excerpt":{"rendered":"<ul style=\"list-style-type: disc;\">\n<li>Schnellzugang CAMLOCK Deckel.<\/li>\n<li>Erh\u00e4ltlich in einer Vielzahl von Kapazit\u00e4ten.<\/li>\n<li>Farben, Oberfl\u00e4chenbehandlungen, Logos usw. sind anpassbar.<\/li>\n<\/ul>","protected":false},"featured_media":10180,"comment_status":"open","ping_status":"closed","template":"","meta":{"_acf_changed":false},"product_brand":[279],"product_cat":[73,80,92],"product_tag":[283],"class_list":{"0":"post-10178","1":"product","2":"type-product","3":"status-publish","4":"has-post-thumbnail","6":"product_brand-sinoglass","7":"product_cat-insulated-bottle","8":"product_cat-new-products","9":"product_cat-water-bottles","10":"product_tag-straw-water-bottle","12":"first","13":"instock","14":"shipping-taxable","15":"purchasable","16":"product-type-variable"},"acf":[],"_links":{"self":[{"href":"https:\/\/www.sinoglass.com\/de\/wp-json\/wp\/v2\/product\/10178","targetHints":{"allow":["GET"]}}],"collection":[{"href":"https:\/\/www.sinoglass.com\/de\/wp-json\/wp\/v2\/product"}],"about":[{"href":"https:\/\/www.sinoglass.com\/de\/wp-json\/wp\/v2\/types\/product"}],"replies":[{"embeddable":true,"href":"https:\/\/www.sinoglass.com\/de\/wp-json\/wp\/v2\/comments?post=10178"}],"wp:featuredmedia":[{"embeddable":true,"href":"https:\/\/www.sinoglass.com\/de\/wp-json\/wp\/v2\/media\/10180"}],"wp:attachment":[{"href":"https:\/\/www.sinoglass.com\/de\/wp-json\/wp\/v2\/media?parent=10178"}],"wp:term":[{"taxonomy":"product_brand","embeddable":true,"href":"https:\/\/www.sinoglass.com\/de\/wp-json\/wp\/v2\/product_brand?post=10178"},{"taxonomy":"product_cat","embeddable":true,"href":"https:\/\/www.sinoglass.com\/de\/wp-json\/wp\/v2\/product_cat?post=10178"},{"taxonomy":"product_tag","embeddable":true,"href":"https:\/\/www.sinoglass.com\/de\/wp-json\/wp\/v2\/product_tag?post=10178"}],"curies":[{"name":"WP","href":"https:\/\/api.w.org\/{rel}","templated":true}]}}