{"id":10038,"date":"2026-04-16T11:27:25","date_gmt":"2026-04-16T03:27:25","guid":{"rendered":"https:\/\/www.sinoglass.com\/?post_type=product&#038;p=10038"},"modified":"2026-04-16T11:42:19","modified_gmt":"2026-04-16T03:42:19","slug":"spice-jars-and-rack-set","status":"publish","type":"product","link":"https:\/\/www.sinoglass.com\/de\/product\/spice-jars-and-rack-set\/","title":{"rendered":"Gew\u00fcrzgl\u00e4ser und Rack Set &#8211; Holz und Glas #88209000"},"content":{"rendered":"<p>Unser ECO. Die LIFE-Serie geht um nachhaltige Sch\u00f6nheit und Funktion, und das STAGED Gew\u00fcrzflaschenset ist vorne und in der Mitte. Akaziaholz und Glas kombinieren sich in 12 Flaschen auf einer eleganten dreist\u00f6ckigen Akaziab\u00fchne, alles pr\u00e4sentiert und leicht zug\u00e4nglich. STAGED setzt die B\u00fchne f\u00fcr umweltfreundlichen Stil und funktionelle Lebensmittellagerung.<\/p>","protected":false},"excerpt":{"rendered":"<ul>\n<li>12-Flasche-Set mit Holzplattform.<\/li>\n<li>Elegantes Akaziaholz und Glas.<\/li>\n<li>Teil der ECO. Serie Leben.<\/li>\n<\/ul>","protected":false},"featured_media":10044,"comment_status":"open","ping_status":"closed","template":"","meta":{"_acf_changed":false},"product_brand":[],"product_cat":[80,70,213],"product_tag":[],"class_list":{"0":"post-10038","1":"product","2":"type-product","3":"status-publish","4":"has-post-thumbnail","6":"product_cat-new-products","7":"product_cat-spice-racks","8":"product_cat-spice-rack-jars","10":"first","11":"instock","12":"shipping-taxable","13":"purchasable","14":"product-type-variable"},"acf":[],"_links":{"self":[{"href":"https:\/\/www.sinoglass.com\/de\/wp-json\/wp\/v2\/product\/10038","targetHints":{"allow":["GET"]}}],"collection":[{"href":"https:\/\/www.sinoglass.com\/de\/wp-json\/wp\/v2\/product"}],"about":[{"href":"https:\/\/www.sinoglass.com\/de\/wp-json\/wp\/v2\/types\/product"}],"replies":[{"embeddable":true,"href":"https:\/\/www.sinoglass.com\/de\/wp-json\/wp\/v2\/comments?post=10038"}],"wp:featuredmedia":[{"embeddable":true,"href":"https:\/\/www.sinoglass.com\/de\/wp-json\/wp\/v2\/media\/10044"}],"wp:attachment":[{"href":"https:\/\/www.sinoglass.com\/de\/wp-json\/wp\/v2\/media?parent=10038"}],"wp:term":[{"taxonomy":"product_brand","embeddable":true,"href":"https:\/\/www.sinoglass.com\/de\/wp-json\/wp\/v2\/product_brand?post=10038"},{"taxonomy":"product_cat","embeddable":true,"href":"https:\/\/www.sinoglass.com\/de\/wp-json\/wp\/v2\/product_cat?post=10038"},{"taxonomy":"product_tag","embeddable":true,"href":"https:\/\/www.sinoglass.com\/de\/wp-json\/wp\/v2\/product_tag?post=10038"}],"curies":[{"name":"WP","href":"https:\/\/api.w.org\/{rel}","templated":true}]}}